{"id":94,"date":"2017-08-21T19:05:47","date_gmt":"2017-08-21T19:05:47","guid":{"rendered":"http:\/\/mayabek.local\/?page_id=94"},"modified":"2020-05-19T00:34:42","modified_gmt":"2020-05-19T00:34:42","slug":"contacto","status":"publish","type":"page","link":"https:\/\/ce-mayabek.edu.mx\/en\/contacto\/","title":{"rendered":"Contact"},"content":{"rendered":"<h1>Cont\u00e1ctanos<\/h1>\n<div class=\"row\">\n<div class=\"col-md-3\">\n<strong>Location<\/strong><br \/>\nCalle 50 between 65 and 70 El Pedregal. Playa del Carmen, Quintana Roo<\/p>\n<p><strong>Tel\u00e9fonos<br \/>\n<\/strong>+52\u00a0(984) 116 0910<\/p>\n<p>+52 (984)\u00a0 1472970<\/p>\n<p>+52\u00a0(984) 1477461<\/p>\n<p><strong>Correo electr\u00f3nico<br \/>\n<\/strong>\u00a0<a href=\"mailto:ce.mayabek@gmail.com\" target=\"_blank\" rel=\"noopener\">ce.mayabek@gmail.com<\/a><br \/>\n<\/div>\n<div class=\"col-md-9\">\n\n<div class=\"wpcf7 no-js\" id=\"wpcf7-f98-o1\" lang=\"en-US\" dir=\"ltr\">\n<div class=\"screen-reader-response\"><p role=\"status\" aria-live=\"polite\" aria-atomic=\"true\"><\/p> <ul><\/ul><\/div>\n<form action=\"\/en\/wp-json\/wp\/v2\/pages\/94#wpcf7-f98-o1\" method=\"post\" class=\"wpcf7-form init\" aria-label=\"Contact form\" novalidate=\"novalidate\" data-status=\"init\" data-trp-original-action=\"\/en\/wp-json\/wp\/v2\/pages\/94#wpcf7-f98-o1\">\n<div style=\"display: none;\">\n<input type=\"hidden\" name=\"_wpcf7\" value=\"98\" \/>\n<input type=\"hidden\" name=\"_wpcf7_version\" value=\"5.7.4\" \/>\n<input type=\"hidden\" name=\"_wpcf7_locale\" value=\"en_US\" \/>\n<input type=\"hidden\" name=\"_wpcf7_unit_tag\" value=\"wpcf7-f98-o1\" \/>\n<input type=\"hidden\" name=\"_wpcf7_container_post\" value=\"0\" \/>\n<input type=\"hidden\" name=\"_wpcf7_posted_data_hash\" value=\"\" \/>\n<\/div>\n<div class=\"row\">\n\t<div class=\"col-md-6 form-group\">\n\t\t<p><label>Nombre<\/label><br \/>\n<span class=\"wpcf7-form-control-wrap\" data-name=\"nombre\"><input size=\"40\" class=\"wpcf7-form-control wpcf7-text wpcf7-validates-as-required alt-style\" aria-required=\"true\" aria-invalid=\"false\" placeholder=\"Nombre\" value=\"\" type=\"text\" name=\"nombre\" \/><\/span>\n\t\t<\/p>\n\t<\/div>\n\t<div class=\"col-md-6 form-group\">\n\t\t<p><label>Correo electr\u00f3nico<\/label><br \/>\n<span class=\"wpcf7-form-control-wrap\" data-name=\"email\"><input size=\"40\" class=\"wpcf7-form-control wpcf7-text wpcf7-email wpcf7-validates-as-required wpcf7-validates-as-email alt-style\" aria-required=\"true\" aria-invalid=\"false\" placeholder=\"E-mail\" value=\"\" type=\"email\" name=\"email\" \/><\/span>\n\t\t<\/p>\n\t<\/div>\n\t<div class=\"col-md-6 form-group\">\n\t\t<p><label>Tel\u00e9fono<\/label><br \/>\n<span class=\"wpcf7-form-control-wrap\" data-name=\"telefono\"><input size=\"40\" class=\"wpcf7-form-control wpcf7-text wpcf7-validates-as-required alt-style\" aria-required=\"true\" aria-invalid=\"false\" placeholder=\"Tel\u00e9fono\" value=\"\" type=\"text\" name=\"telefono\" \/><\/span>\n\t\t<\/p>\n\t<\/div>\n\t<div class=\"col-md-6 form-group\">\n\t\t<p><label>Fecha de nacimiento de su hijo<\/label><br \/>\n<span class=\"wpcf7-form-control-wrap\" data-name=\"fecha\"><input class=\"wpcf7-form-control wpcf7-date wpcf7-validates-as-required wpcf7-validates-as-date alt-style\" min=\"2008-01-01\" aria-required=\"true\" aria-invalid=\"false\" value=\"\" type=\"date\" name=\"fecha\" \/><\/span>\n\t\t<\/p>\n\t<\/div>\n\t<div class=\"col-md-6 form-group\">\n\t\t<p><label>Ciclo Escolar <\/label><br \/>\n<span class=\"wpcf7-form-control-wrap\" data-name=\"ciclo\"><select class=\"wpcf7-form-control wpcf7-select wpcf7-validates-as-required alt-style select-ciclo\" aria-required=\"true\" aria-invalid=\"false\" name=\"ciclo\"><option value=\"\">&#8212;Please choose an option&#8212;<\/option><option value=\"Ciclo Escolar 2022-2023\">Ciclo Escolar 2022-2023<\/option><option value=\"Ciclo Escolar 2023-2024\">Ciclo Escolar 2023-2024<\/option><\/select><\/span>\n\t\t<\/p>\n\t<\/div>\n\t<div class=\"col-md-6 form-group\">\n\t\t<p><label>Message<\/label><br \/>\n<span class=\"wpcf7-form-control-wrap\" data-name=\"mensaje\"><textarea cols=\"40\" rows=\"10\" class=\"wpcf7-form-control wpcf7-textarea wpcf7-validates-as-required alt-style\" aria-required=\"true\" aria-invalid=\"false\" placeholder=\"Message\" name=\"mensaje\"><\/textarea><\/span>\n\t\t<\/p>\n\t<\/div>\n\t<div class=\"col-md-12\">\n\t\t<p><input class=\"wpcf7-form-control has-spinner wpcf7-submit btn no-margin btn-rounded btn-modi\" type=\"submit\" value=\"Send\" \/>\n\t\t<\/p>\n\t<\/div>\n<\/div><div class=\"wpcf7-response-output\" aria-hidden=\"true\"><\/div>\n<input type=\"hidden\" name=\"trp-form-language\" value=\"en\"\/><\/form>\n<\/div>\n\n<\/div>\n<\/div>","protected":false},"excerpt":{"rendered":"<p>Cont\u00e1ctanos<\/p>","protected":false},"author":1,"featured_media":0,"parent":0,"menu_order":0,"comment_status":"closed","ping_status":"closed","template":"tmp-contact.php","meta":{"om_disable_all_campaigns":false,"_monsterinsights_skip_tracking":false,"_monsterinsights_sitenote_active":false,"_monsterinsights_sitenote_note":"","_monsterinsights_sitenote_category":0,"_joinchat":[],"footnotes":""},"class_list":["post-94","page","type-page","status-publish","hentry"],"aioseo_notices":[],"yoast_head":"<!-- This site is optimized with the Yoast SEO plugin v20.2.1 - https:\/\/yoast.com\/wordpress\/plugins\/seo\/ -->\n<title>Cont\u00e1ctanos - Mayabek Comunidad Educativa<\/title>\n<meta name=\"description\" content=\"Mayabek Comunidad Educativa pone a tu disposici\u00f3n tel\u00e9fonos y el correo electr\u00f3nico, queremos que te pongas en contacto con nosotros.\" \/>\n<meta name=\"robots\" content=\"index, follow, max-snippet:-1, max-image-preview:large, max-video-preview:-1\" \/>\n<link rel=\"canonical\" href=\"https:\/\/ce-mayabek.edu.mx\/en\/contacto\/\" \/>\n<meta property=\"og:locale\" content=\"en_US\" \/>\n<meta property=\"og:type\" content=\"article\" \/>\n<meta property=\"og:title\" content=\"Cont\u00e1ctanos - Mayabek Comunidad Educativa\" \/>\n<meta property=\"og:description\" content=\"Mayabek Comunidad Educativa pone a tu disposici\u00f3n tel\u00e9fonos y el correo electr\u00f3nico, queremos que te pongas en contacto con nosotros.\" \/>\n<meta property=\"og:url\" content=\"https:\/\/ce-mayabek.edu.mx\/en\/contacto\/\" \/>\n<meta property=\"og:site_name\" content=\"Mayabek\" \/>\n<meta property=\"article:publisher\" content=\"https:\/\/www.facebook.com\/MAYABEK120\/\" \/>\n<meta property=\"article:modified_time\" content=\"2020-05-19T00:34:42+00:00\" \/>\n<meta name=\"twitter:card\" content=\"summary_large_image\" \/>\n<script type=\"application\/ld+json\" class=\"yoast-schema-graph\">{\"@context\":\"https:\/\/schema.org\",\"@graph\":[{\"@type\":\"WebPage\",\"@id\":\"https:\/\/ce-mayabek.edu.mx\/contacto\/\",\"url\":\"https:\/\/ce-mayabek.edu.mx\/contacto\/\",\"name\":\"Cont\u00e1ctanos - Mayabek Comunidad Educativa\",\"isPartOf\":{\"@id\":\"https:\/\/ce-mayabek.edu.mx\/#website\"},\"datePublished\":\"2017-08-21T19:05:47+00:00\",\"dateModified\":\"2020-05-19T00:34:42+00:00\",\"description\":\"Mayabek Comunidad Educativa pone a tu disposici\u00f3n tel\u00e9fonos y el correo electr\u00f3nico, queremos que te pongas en contacto con nosotros.\",\"breadcrumb\":{\"@id\":\"https:\/\/ce-mayabek.edu.mx\/contacto\/#breadcrumb\"},\"inLanguage\":\"en-US\",\"potentialAction\":[{\"@type\":\"ReadAction\",\"target\":[\"https:\/\/ce-mayabek.edu.mx\/contacto\/\"]}]},{\"@type\":\"BreadcrumbList\",\"@id\":\"https:\/\/ce-mayabek.edu.mx\/contacto\/#breadcrumb\",\"itemListElement\":[{\"@type\":\"ListItem\",\"position\":1,\"name\":\"Home\",\"item\":\"https:\/\/ce-mayabek.edu.mx\/\"},{\"@type\":\"ListItem\",\"position\":2,\"name\":\"Contacto\"}]},{\"@type\":\"WebSite\",\"@id\":\"https:\/\/ce-mayabek.edu.mx\/#website\",\"url\":\"https:\/\/ce-mayabek.edu.mx\/\",\"name\":\"Mayabek\",\"description\":\"Comunidad Educativa\",\"potentialAction\":[{\"@type\":\"SearchAction\",\"target\":{\"@type\":\"EntryPoint\",\"urlTemplate\":\"https:\/\/ce-mayabek.edu.mx\/?s={search_term_string}\"},\"query-input\":\"required name=search_term_string\"}],\"inLanguage\":\"en-US\"}]}<\/script>\n<!-- \/ Yoast SEO plugin. -->","yoast_head_json":{"title":"Cont\u00e1ctanos - Mayabek Comunidad Educativa","description":"Mayabek Comunidad Educativa pone a tu disposici\u00f3n tel\u00e9fonos y el correo electr\u00f3nico, queremos que te pongas en contacto con nosotros.","robots":{"index":"index","follow":"follow","max-snippet":"max-snippet:-1","max-image-preview":"max-image-preview:large","max-video-preview":"max-video-preview:-1"},"canonical":"https:\/\/ce-mayabek.edu.mx\/en\/contacto\/","og_locale":"en_US","og_type":"article","og_title":"Cont\u00e1ctanos - Mayabek Comunidad Educativa","og_description":"Mayabek Comunidad Educativa pone a tu disposici\u00f3n tel\u00e9fonos y el correo electr\u00f3nico, queremos que te pongas en contacto con nosotros.","og_url":"https:\/\/ce-mayabek.edu.mx\/en\/contacto\/","og_site_name":"Mayabek","article_publisher":"https:\/\/www.facebook.com\/MAYABEK120\/","article_modified_time":"2020-05-19T00:34:42+00:00","twitter_card":"summary_large_image","schema":{"@context":"https:\/\/schema.org","@graph":[{"@type":"WebPage","@id":"https:\/\/ce-mayabek.edu.mx\/contacto\/","url":"https:\/\/ce-mayabek.edu.mx\/contacto\/","name":"Cont\u00e1ctanos - Mayabek Comunidad Educativa","isPartOf":{"@id":"https:\/\/ce-mayabek.edu.mx\/#website"},"datePublished":"2017-08-21T19:05:47+00:00","dateModified":"2020-05-19T00:34:42+00:00","description":"Mayabek Comunidad Educativa pone a tu disposici\u00f3n tel\u00e9fonos y el correo electr\u00f3nico, queremos que te pongas en contacto con nosotros.","breadcrumb":{"@id":"https:\/\/ce-mayabek.edu.mx\/contacto\/#breadcrumb"},"inLanguage":"en-US","potentialAction":[{"@type":"ReadAction","target":["https:\/\/ce-mayabek.edu.mx\/contacto\/"]}]},{"@type":"BreadcrumbList","@id":"https:\/\/ce-mayabek.edu.mx\/contacto\/#breadcrumb","itemListElement":[{"@type":"ListItem","position":1,"name":"Home","item":"https:\/\/ce-mayabek.edu.mx\/"},{"@type":"ListItem","position":2,"name":"Contacto"}]},{"@type":"WebSite","@id":"https:\/\/ce-mayabek.edu.mx\/#website","url":"https:\/\/ce-mayabek.edu.mx\/","name":"Mayabek","description":"Comunidad Educativa","potentialAction":[{"@type":"SearchAction","target":{"@type":"EntryPoint","urlTemplate":"https:\/\/ce-mayabek.edu.mx\/?s={search_term_string}"},"query-input":"required name=search_term_string"}],"inLanguage":"en-US"}]}},"_links":{"self":[{"href":"https:\/\/ce-mayabek.edu.mx\/en\/wp-json\/wp\/v2\/pages\/94","targetHints":{"allow":["GET"]}}],"collection":[{"href":"https:\/\/ce-mayabek.edu.mx\/en\/wp-json\/wp\/v2\/pages"}],"about":[{"href":"https:\/\/ce-mayabek.edu.mx\/en\/wp-json\/wp\/v2\/types\/page"}],"author":[{"embeddable":true,"href":"https:\/\/ce-mayabek.edu.mx\/en\/wp-json\/wp\/v2\/users\/1"}],"replies":[{"embeddable":true,"href":"https:\/\/ce-mayabek.edu.mx\/en\/wp-json\/wp\/v2\/comments?post=94"}],"version-history":[{"count":9,"href":"https:\/\/ce-mayabek.edu.mx\/en\/wp-json\/wp\/v2\/pages\/94\/revisions"}],"predecessor-version":[{"id":235,"href":"https:\/\/ce-mayabek.edu.mx\/en\/wp-json\/wp\/v2\/pages\/94\/revisions\/235"}],"wp:attachment":[{"href":"https:\/\/ce-mayabek.edu.mx\/en\/wp-json\/wp\/v2\/media?parent=94"}],"curies":[{"name":"wp","href":"https:\/\/api.w.org\/{rel}","templated":true}]}}