{"id":53,"date":"2017-08-15T18:39:37","date_gmt":"2017-08-15T18:39:37","guid":{"rendered":"http:\/\/mayabek.local\/?page_id=53"},"modified":"2017-11-03T20:15:00","modified_gmt":"2017-11-03T20:15:00","slug":"preguntas-frecuentes","status":"publish","type":"page","link":"https:\/\/ce-mayabek.edu.mx\/en\/preguntas-frecuentes\/","title":{"rendered":"Common Questions"},"content":{"rendered":"<h1>Common Questions<\/h1>\n<hr \/>\n<div class=\"ui styled fluid accordion\"><div class=\"title active\"><i class=\"dropdown icon\"><\/i>Which calendar will the school use this school year?<\/div><div class=\"content active\"><div><p><span style=\"font-weight: 400;\">The 195 day Calendar by the SEP<\/span><\/p>\n<\/div><\/div><div class=\"title\"><i class=\"dropdown icon\"><\/i>What is the Class Schedule?<\/div><div class=\"content\"><div><div class=\"table-responsive\">\n<table class=\"table table-bordered\">\n<tbody>\n<tr>\n<td><strong>LEVEL<\/strong><\/td>\n<td><strong>ENTRY TIME<\/strong><\/td>\n<td><strong>SCHEDULE OF ACTIVITIES<\/strong><\/td>\n<td><strong>TIMETABLE<\/strong><\/td>\n<td><strong>STARTS THE STAY SERVICE <\/strong><\/td>\n<\/tr>\n<tr>\n<td><span style=\"font-weight: 400;\">Maternal School<\/span><\/td>\n<td><span style=\"font-weight: 400;\">8.40 a 9.00 hrs<\/span><\/td>\n<td><span style=\"font-weight: 400;\">9.00 a 13.00 hrs.<\/span><\/td>\n<td><span style=\"font-weight: 400;\">13.00 a 13.15 hrs<\/span><\/td>\n<td><span style=\"font-weight: 400;\">A partir de \u00a0las 13.20 hrs.<\/span><\/td>\n<\/tr>\n<tr>\n<td><span style=\"font-weight: 400;\">Preescolar y Pre first<\/span><\/td>\n<td><span style=\"font-weight: 400;\">7.50 a 8.10 hrs.<\/span><\/td>\n<td><span style=\"font-weight: 400;\">8.10 a 13.40 hrs.<\/span><\/td>\n<td><span style=\"font-weight: 400;\">13.40 a 13.55 hrs.<\/span><\/td>\n<td><span style=\"font-weight: 400;\">A partir de las 14.00 hrs.<\/span><\/td>\n<\/tr>\n<tr>\n<td><span style=\"font-weight: 400;\">Primary Education<\/span><\/td>\n<td><span style=\"font-weight: 400;\">7.30 a 7.45 hrs.<\/span><\/td>\n<td><span style=\"font-weight: 400;\">7.45 a 14.35 hrs.<\/span><\/td>\n<td><span style=\"font-weight: 400;\">14.35 a 14.50 hrs.<\/span><\/td>\n<td>\u00a0A partir de las 14.40 hrs.<\/td>\n<\/tr>\n<tr>\n<td colspan=\"5\"><span style=\"font-weight: 400;\">NOTA: El servicio de estancia est\u00e1 disponible \u00a0para maternal, preescolar y prefist hasta las 18.00 hrs. Con cargo adicional.<\/span><\/td>\n<\/tr>\n<\/tbody>\n<\/table>\n<\/div>\n<\/div><\/div><div class=\"title\"><i class=\"dropdown icon\"><\/i>\u00bfLas maestras cuentan con la ayuda de una auxiliar en clase?<\/div><div class=\"content\"><div><p><span style=\"font-weight: 400;\">Si contamos con asistentes educativos que apoyan el programa diario de trabajo.<\/span><\/p>\n<\/div><\/div><div class=\"title\"><i class=\"dropdown icon\"><\/i>\u00bfLos ni\u00f1os usan uniforme?<\/div><div class=\"content\"><div><p><span style=\"font-weight: 400;\">Si, todos los grados. Todos los d\u00edas<\/span><\/p>\n<p><span style=\"font-weight: 400;\">Lunes, mi\u00e9rcoles y viernes se utiliza el uniforme de activaci\u00f3n.<\/span><\/p>\n<p><span style=\"font-weight: 400;\">Martes y jueves el uniforme casual.<\/span><\/p>\n<\/div><\/div><div class=\"title\"><i class=\"dropdown icon\"><\/i>\u00bfEl colegio ofrece el servicio de alimentos?<\/div><div class=\"content\"><div><p><span style=\"font-weight: 400;\">Si, tenemos servicio de alimentos tanto para el horario de lunch como el de comida, con un costo adicional.<\/span><\/p>\n<\/div><\/div><div class=\"title\"><i class=\"dropdown icon\"><\/i>\u00bfEl colegio cuenta con actividades extracurriculares?<\/div><div class=\"content\"><div><p><span style=\"font-weight: 400;\">Si, ofrecemos talleres de: tae kwon do, destreza acu\u00e1tica, futbol, gimnasia r\u00edtmica, baile y b\u00e1squetbol.<\/span><\/p>\n<\/div><\/div><div class=\"title\"><i class=\"dropdown icon\"><\/i>\u00bfHay gente supervisando los ba\u00f1os?<\/div><div class=\"content\"><div><p><span style=\"font-weight: 400;\">Si, de manera permanente los alumnos tienen apoyo y supervisi\u00f3n en estas \u00e1reas.<\/span><\/p>\n<\/div><\/div><\/div>","protected":false},"excerpt":{"rendered":"<p>Common Questions<\/p>","protected":false},"author":1,"featured_media":0,"parent":0,"menu_order":0,"comment_status":"closed","ping_status":"closed","template":"","meta":{"om_disable_all_campaigns":false,"_monsterinsights_skip_tracking":false,"_monsterinsights_sitenote_active":false,"_monsterinsights_sitenote_note":"","_monsterinsights_sitenote_category":0,"_joinchat":[],"footnotes":""},"class_list":["post-53","page","type-page","status-publish","hentry"],"aioseo_notices":[],"yoast_head":"<!-- This site is optimized with the Yoast SEO plugin v20.2.1 - https:\/\/yoast.com\/wordpress\/plugins\/seo\/ -->\n<title>Preguntas Frecuentes - Mayabek Comunidad Educativa<\/title>\n<meta name=\"description\" content=\"Preguntas Frecuentes. Acerca de Mayabek Comunidad Educativa. \u00bfCu\u00e1l es el Horario de Clases?,\u00bfEl colegio ofrece el servicio de alimentos?\" \/>\n<meta name=\"robots\" content=\"index, follow, max-snippet:-1, max-image-preview:large, max-video-preview:-1\" \/>\n<link rel=\"canonical\" href=\"https:\/\/ce-mayabek.edu.mx\/en\/preguntas-frecuentes\/\" \/>\n<meta property=\"og:locale\" content=\"en_US\" \/>\n<meta property=\"og:type\" content=\"article\" \/>\n<meta property=\"og:title\" content=\"Preguntas Frecuentes - Mayabek Comunidad Educativa\" \/>\n<meta property=\"og:description\" content=\"Preguntas Frecuentes. Acerca de Mayabek Comunidad Educativa. \u00bfCu\u00e1l es el Horario de Clases?,\u00bfEl colegio ofrece el servicio de alimentos?\" \/>\n<meta property=\"og:url\" content=\"https:\/\/ce-mayabek.edu.mx\/en\/preguntas-frecuentes\/\" \/>\n<meta property=\"og:site_name\" content=\"Mayabek\" \/>\n<meta property=\"article:publisher\" content=\"https:\/\/www.facebook.com\/MAYABEK120\/\" \/>\n<meta property=\"article:modified_time\" content=\"2017-11-03T20:15:00+00:00\" \/>\n<meta name=\"twitter:card\" content=\"summary_large_image\" \/>\n<script type=\"application\/ld+json\" class=\"yoast-schema-graph\">{\"@context\":\"https:\/\/schema.org\",\"@graph\":[{\"@type\":\"WebPage\",\"@id\":\"https:\/\/ce-mayabek.edu.mx\/preguntas-frecuentes\/\",\"url\":\"https:\/\/ce-mayabek.edu.mx\/preguntas-frecuentes\/\",\"name\":\"Preguntas Frecuentes - Mayabek Comunidad Educativa\",\"isPartOf\":{\"@id\":\"https:\/\/ce-mayabek.edu.mx\/#website\"},\"datePublished\":\"2017-08-15T18:39:37+00:00\",\"dateModified\":\"2017-11-03T20:15:00+00:00\",\"description\":\"Preguntas Frecuentes. Acerca de Mayabek Comunidad Educativa. \u00bfCu\u00e1l es el Horario de Clases?,\u00bfEl colegio ofrece el servicio de alimentos?\",\"breadcrumb\":{\"@id\":\"https:\/\/ce-mayabek.edu.mx\/preguntas-frecuentes\/#breadcrumb\"},\"inLanguage\":\"en-US\",\"potentialAction\":[{\"@type\":\"ReadAction\",\"target\":[\"https:\/\/ce-mayabek.edu.mx\/preguntas-frecuentes\/\"]}]},{\"@type\":\"BreadcrumbList\",\"@id\":\"https:\/\/ce-mayabek.edu.mx\/preguntas-frecuentes\/#breadcrumb\",\"itemListElement\":[{\"@type\":\"ListItem\",\"position\":1,\"name\":\"Home\",\"item\":\"https:\/\/ce-mayabek.edu.mx\/\"},{\"@type\":\"ListItem\",\"position\":2,\"name\":\"Preguntas Frecuentes\"}]},{\"@type\":\"WebSite\",\"@id\":\"https:\/\/ce-mayabek.edu.mx\/#website\",\"url\":\"https:\/\/ce-mayabek.edu.mx\/\",\"name\":\"Mayabek\",\"description\":\"Comunidad Educativa\",\"potentialAction\":[{\"@type\":\"SearchAction\",\"target\":{\"@type\":\"EntryPoint\",\"urlTemplate\":\"https:\/\/ce-mayabek.edu.mx\/?s={search_term_string}\"},\"query-input\":\"required name=search_term_string\"}],\"inLanguage\":\"en-US\"}]}<\/script>\n<!-- \/ Yoast SEO plugin. -->","yoast_head_json":{"title":"Preguntas Frecuentes - Mayabek Comunidad Educativa","description":"Preguntas Frecuentes. Acerca de Mayabek Comunidad Educativa. \u00bfCu\u00e1l es el Horario de Clases?,\u00bfEl colegio ofrece el servicio de alimentos?","robots":{"index":"index","follow":"follow","max-snippet":"max-snippet:-1","max-image-preview":"max-image-preview:large","max-video-preview":"max-video-preview:-1"},"canonical":"https:\/\/ce-mayabek.edu.mx\/en\/preguntas-frecuentes\/","og_locale":"en_US","og_type":"article","og_title":"Preguntas Frecuentes - Mayabek Comunidad Educativa","og_description":"Preguntas Frecuentes. Acerca de Mayabek Comunidad Educativa. \u00bfCu\u00e1l es el Horario de Clases?,\u00bfEl colegio ofrece el servicio de alimentos?","og_url":"https:\/\/ce-mayabek.edu.mx\/en\/preguntas-frecuentes\/","og_site_name":"Mayabek","article_publisher":"https:\/\/www.facebook.com\/MAYABEK120\/","article_modified_time":"2017-11-03T20:15:00+00:00","twitter_card":"summary_large_image","schema":{"@context":"https:\/\/schema.org","@graph":[{"@type":"WebPage","@id":"https:\/\/ce-mayabek.edu.mx\/preguntas-frecuentes\/","url":"https:\/\/ce-mayabek.edu.mx\/preguntas-frecuentes\/","name":"Preguntas Frecuentes - Mayabek Comunidad Educativa","isPartOf":{"@id":"https:\/\/ce-mayabek.edu.mx\/#website"},"datePublished":"2017-08-15T18:39:37+00:00","dateModified":"2017-11-03T20:15:00+00:00","description":"Preguntas Frecuentes. Acerca de Mayabek Comunidad Educativa. \u00bfCu\u00e1l es el Horario de Clases?,\u00bfEl colegio ofrece el servicio de alimentos?","breadcrumb":{"@id":"https:\/\/ce-mayabek.edu.mx\/preguntas-frecuentes\/#breadcrumb"},"inLanguage":"en-US","potentialAction":[{"@type":"ReadAction","target":["https:\/\/ce-mayabek.edu.mx\/preguntas-frecuentes\/"]}]},{"@type":"BreadcrumbList","@id":"https:\/\/ce-mayabek.edu.mx\/preguntas-frecuentes\/#breadcrumb","itemListElement":[{"@type":"ListItem","position":1,"name":"Home","item":"https:\/\/ce-mayabek.edu.mx\/"},{"@type":"ListItem","position":2,"name":"Preguntas Frecuentes"}]},{"@type":"WebSite","@id":"https:\/\/ce-mayabek.edu.mx\/#website","url":"https:\/\/ce-mayabek.edu.mx\/","name":"Mayabek","description":"Comunidad Educativa","potentialAction":[{"@type":"SearchAction","target":{"@type":"EntryPoint","urlTemplate":"https:\/\/ce-mayabek.edu.mx\/?s={search_term_string}"},"query-input":"required name=search_term_string"}],"inLanguage":"en-US"}]}},"_links":{"self":[{"href":"https:\/\/ce-mayabek.edu.mx\/en\/wp-json\/wp\/v2\/pages\/53","targetHints":{"allow":["GET"]}}],"collection":[{"href":"https:\/\/ce-mayabek.edu.mx\/en\/wp-json\/wp\/v2\/pages"}],"about":[{"href":"https:\/\/ce-mayabek.edu.mx\/en\/wp-json\/wp\/v2\/types\/page"}],"author":[{"embeddable":true,"href":"https:\/\/ce-mayabek.edu.mx\/en\/wp-json\/wp\/v2\/users\/1"}],"replies":[{"embeddable":true,"href":"https:\/\/ce-mayabek.edu.mx\/en\/wp-json\/wp\/v2\/comments?post=53"}],"version-history":[{"count":8,"href":"https:\/\/ce-mayabek.edu.mx\/en\/wp-json\/wp\/v2\/pages\/53\/revisions"}],"predecessor-version":[{"id":202,"href":"https:\/\/ce-mayabek.edu.mx\/en\/wp-json\/wp\/v2\/pages\/53\/revisions\/202"}],"wp:attachment":[{"href":"https:\/\/ce-mayabek.edu.mx\/en\/wp-json\/wp\/v2\/media?parent=53"}],"curies":[{"name":"wp","href":"https:\/\/api.w.org\/{rel}","templated":true}]}}