{"id":49,"date":"2017-08-15T18:38:56","date_gmt":"2017-08-15T18:38:56","guid":{"rendered":"http:\/\/mayabek.local\/?page_id=49"},"modified":"2017-11-03T20:34:47","modified_gmt":"2017-11-03T20:34:47","slug":"documentos-requeridos-inscripcion","status":"publish","type":"page","link":"https:\/\/ce-mayabek.edu.mx\/en\/documentos-requeridos-inscripcion\/","title":{"rendered":"Required Documents"},"content":{"rendered":"<h1>Required Documents<\/h1>\n<ol>\n<li>Ficha de inscripci\u00f3n &#8211; <a href=\"\/wp-content\/uploads\/2017\/08\/ficha-inscripcion-mayabek.pdf\" target=\"_blank\" rel=\"noopener\"><i class=\"fa fa-download\"><\/i> Descargar ficha<\/a><\/li>\n<li>Acta de nacimientos (original y dos copias) &#8211; <a href=\"https:\/\/www.gob.mx\/ActaNacimiento\/\" target=\"_blank\" rel=\"noopener\">Tr\u00e1mite en l\u00ednea<\/a><\/li>\n<li>CURP (dos copias NO plastificadas) &#8211; <a href=\"https:\/\/consultas.curp.gob.mx\/CurpSP\" target=\"_blank\" rel=\"noopener\">Consulta en l\u00ednea<\/a><\/li>\n<li>Cartilla de vacunaci\u00f3n (una copia)<\/li>\n<li>Certificado m\u00e9dico (original y actualizado)<\/li>\n<li>Copia de identificaci\u00f3n de los padres<\/li>\n<li>Forma migratoria del alumno (en caso de ser extranjero)<\/li>\n<li>2 Fotograf\u00edas tama\u00f1o infantil a color con playera blanca<\/li>\n<\/ol>\n<p><strong>Para alumnos de 2\u00ba. De preescolar hasta 6\u00ba. De primaria:<\/strong><\/p>\n<ol>\n<li>Boleta de evaluaci\u00f3n oficial del grado anterior<\/li>\n<li>Carta de buena conducta de la escuela anterior<\/li>\n<li>Constancia de NO ADEUDO de la escuela o guarder\u00eda de procedencia.<\/li>\n<\/ol>","protected":false},"excerpt":{"rendered":"<p>Documentos requeridos Ficha de inscripci\u00f3n &#8211; Descargar ficha Acta de nacimientos (original y dos copias) &#8211; Tr\u00e1mite en l\u00ednea CURP (dos copias NO plastificadas) &#8211; Consulta en l\u00ednea Cartilla de vacunaci\u00f3n (una copia) Certificado m\u00e9dico (original y actualizado) Copia de identificaci\u00f3n de los padres Forma migratoria del alumno (en caso de ser extranjero) 2 Fotograf\u00edas [&hellip;]<\/p>","protected":false},"author":1,"featured_media":0,"parent":0,"menu_order":0,"comment_status":"closed","ping_status":"closed","template":"","meta":{"om_disable_all_campaigns":false,"_monsterinsights_skip_tracking":false,"_monsterinsights_sitenote_active":false,"_monsterinsights_sitenote_note":"","_monsterinsights_sitenote_category":0,"_joinchat":[],"footnotes":""},"class_list":["post-49","page","type-page","status-publish","hentry"],"aioseo_notices":[],"yoast_head":"<!-- This site is optimized with the Yoast SEO plugin v20.2.1 - https:\/\/yoast.com\/wordpress\/plugins\/seo\/ -->\n<title>Documentos requeridos - Mayabek Comunidad Educativa<\/title>\n<meta name=\"description\" content=\"Los documentos requeridos para la inscripci\u00f3n en Mayabek Comunidad Educativa Ficha de inscripci\u00f3n, Acta de nacimiento, para m\u00e1s informaci\u00f3n \u00a1ingresa ahora!.\" \/>\n<meta name=\"robots\" content=\"index, follow, max-snippet:-1, max-image-preview:large, max-video-preview:-1\" \/>\n<link rel=\"canonical\" href=\"https:\/\/ce-mayabek.edu.mx\/en\/documentos-requeridos-inscripcion\/\" \/>\n<meta property=\"og:locale\" content=\"en_US\" \/>\n<meta property=\"og:type\" content=\"article\" \/>\n<meta property=\"og:title\" content=\"Documentos requeridos - Mayabek Comunidad Educativa\" \/>\n<meta property=\"og:description\" content=\"Los documentos requeridos para la inscripci\u00f3n en Mayabek Comunidad Educativa Ficha de inscripci\u00f3n, Acta de nacimiento, para m\u00e1s informaci\u00f3n \u00a1ingresa ahora!.\" \/>\n<meta property=\"og:url\" content=\"https:\/\/ce-mayabek.edu.mx\/en\/documentos-requeridos-inscripcion\/\" \/>\n<meta property=\"og:site_name\" content=\"Mayabek\" \/>\n<meta property=\"article:publisher\" content=\"https:\/\/www.facebook.com\/MAYABEK120\/\" \/>\n<meta property=\"article:modified_time\" content=\"2017-11-03T20:34:47+00:00\" \/>\n<meta name=\"twitter:card\" content=\"summary_large_image\" \/>\n<meta name=\"twitter:label1\" content=\"Est. reading time\" \/>\n\t<meta name=\"twitter:data1\" content=\"1 minute\" \/>\n<script type=\"application\/ld+json\" class=\"yoast-schema-graph\">{\"@context\":\"https:\/\/schema.org\",\"@graph\":[{\"@type\":\"WebPage\",\"@id\":\"https:\/\/ce-mayabek.edu.mx\/documentos-requeridos-inscripcion\/\",\"url\":\"https:\/\/ce-mayabek.edu.mx\/documentos-requeridos-inscripcion\/\",\"name\":\"Documentos requeridos - Mayabek Comunidad Educativa\",\"isPartOf\":{\"@id\":\"https:\/\/ce-mayabek.edu.mx\/#website\"},\"datePublished\":\"2017-08-15T18:38:56+00:00\",\"dateModified\":\"2017-11-03T20:34:47+00:00\",\"description\":\"Los documentos requeridos para la inscripci\u00f3n en Mayabek Comunidad Educativa Ficha de inscripci\u00f3n, Acta de nacimiento, para m\u00e1s informaci\u00f3n \u00a1ingresa ahora!.\",\"breadcrumb\":{\"@id\":\"https:\/\/ce-mayabek.edu.mx\/documentos-requeridos-inscripcion\/#breadcrumb\"},\"inLanguage\":\"en-US\",\"potentialAction\":[{\"@type\":\"ReadAction\",\"target\":[\"https:\/\/ce-mayabek.edu.mx\/documentos-requeridos-inscripcion\/\"]}]},{\"@type\":\"BreadcrumbList\",\"@id\":\"https:\/\/ce-mayabek.edu.mx\/documentos-requeridos-inscripcion\/#breadcrumb\",\"itemListElement\":[{\"@type\":\"ListItem\",\"position\":1,\"name\":\"Home\",\"item\":\"https:\/\/ce-mayabek.edu.mx\/\"},{\"@type\":\"ListItem\",\"position\":2,\"name\":\"Documentos requeridos\"}]},{\"@type\":\"WebSite\",\"@id\":\"https:\/\/ce-mayabek.edu.mx\/#website\",\"url\":\"https:\/\/ce-mayabek.edu.mx\/\",\"name\":\"Mayabek\",\"description\":\"Comunidad Educativa\",\"potentialAction\":[{\"@type\":\"SearchAction\",\"target\":{\"@type\":\"EntryPoint\",\"urlTemplate\":\"https:\/\/ce-mayabek.edu.mx\/?s={search_term_string}\"},\"query-input\":\"required name=search_term_string\"}],\"inLanguage\":\"en-US\"}]}<\/script>\n<!-- \/ Yoast SEO plugin. -->","yoast_head_json":{"title":"Documentos requeridos - Mayabek Comunidad Educativa","description":"Los documentos requeridos para la inscripci\u00f3n en Mayabek Comunidad Educativa Ficha de inscripci\u00f3n, Acta de nacimiento, para m\u00e1s informaci\u00f3n \u00a1ingresa ahora!.","robots":{"index":"index","follow":"follow","max-snippet":"max-snippet:-1","max-image-preview":"max-image-preview:large","max-video-preview":"max-video-preview:-1"},"canonical":"https:\/\/ce-mayabek.edu.mx\/en\/documentos-requeridos-inscripcion\/","og_locale":"en_US","og_type":"article","og_title":"Documentos requeridos - Mayabek Comunidad Educativa","og_description":"Los documentos requeridos para la inscripci\u00f3n en Mayabek Comunidad Educativa Ficha de inscripci\u00f3n, Acta de nacimiento, para m\u00e1s informaci\u00f3n \u00a1ingresa ahora!.","og_url":"https:\/\/ce-mayabek.edu.mx\/en\/documentos-requeridos-inscripcion\/","og_site_name":"Mayabek","article_publisher":"https:\/\/www.facebook.com\/MAYABEK120\/","article_modified_time":"2017-11-03T20:34:47+00:00","twitter_card":"summary_large_image","twitter_misc":{"Est. reading time":"1 minute"},"schema":{"@context":"https:\/\/schema.org","@graph":[{"@type":"WebPage","@id":"https:\/\/ce-mayabek.edu.mx\/documentos-requeridos-inscripcion\/","url":"https:\/\/ce-mayabek.edu.mx\/documentos-requeridos-inscripcion\/","name":"Documentos requeridos - Mayabek Comunidad Educativa","isPartOf":{"@id":"https:\/\/ce-mayabek.edu.mx\/#website"},"datePublished":"2017-08-15T18:38:56+00:00","dateModified":"2017-11-03T20:34:47+00:00","description":"Los documentos requeridos para la inscripci\u00f3n en Mayabek Comunidad Educativa Ficha de inscripci\u00f3n, Acta de nacimiento, para m\u00e1s informaci\u00f3n \u00a1ingresa ahora!.","breadcrumb":{"@id":"https:\/\/ce-mayabek.edu.mx\/documentos-requeridos-inscripcion\/#breadcrumb"},"inLanguage":"en-US","potentialAction":[{"@type":"ReadAction","target":["https:\/\/ce-mayabek.edu.mx\/documentos-requeridos-inscripcion\/"]}]},{"@type":"BreadcrumbList","@id":"https:\/\/ce-mayabek.edu.mx\/documentos-requeridos-inscripcion\/#breadcrumb","itemListElement":[{"@type":"ListItem","position":1,"name":"Home","item":"https:\/\/ce-mayabek.edu.mx\/"},{"@type":"ListItem","position":2,"name":"Documentos requeridos"}]},{"@type":"WebSite","@id":"https:\/\/ce-mayabek.edu.mx\/#website","url":"https:\/\/ce-mayabek.edu.mx\/","name":"Mayabek","description":"Comunidad Educativa","potentialAction":[{"@type":"SearchAction","target":{"@type":"EntryPoint","urlTemplate":"https:\/\/ce-mayabek.edu.mx\/?s={search_term_string}"},"query-input":"required name=search_term_string"}],"inLanguage":"en-US"}]}},"_links":{"self":[{"href":"https:\/\/ce-mayabek.edu.mx\/en\/wp-json\/wp\/v2\/pages\/49","targetHints":{"allow":["GET"]}}],"collection":[{"href":"https:\/\/ce-mayabek.edu.mx\/en\/wp-json\/wp\/v2\/pages"}],"about":[{"href":"https:\/\/ce-mayabek.edu.mx\/en\/wp-json\/wp\/v2\/types\/page"}],"author":[{"embeddable":true,"href":"https:\/\/ce-mayabek.edu.mx\/en\/wp-json\/wp\/v2\/users\/1"}],"replies":[{"embeddable":true,"href":"https:\/\/ce-mayabek.edu.mx\/en\/wp-json\/wp\/v2\/comments?post=49"}],"version-history":[{"count":12,"href":"https:\/\/ce-mayabek.edu.mx\/en\/wp-json\/wp\/v2\/pages\/49\/revisions"}],"predecessor-version":[{"id":234,"href":"https:\/\/ce-mayabek.edu.mx\/en\/wp-json\/wp\/v2\/pages\/49\/revisions\/234"}],"wp:attachment":[{"href":"https:\/\/ce-mayabek.edu.mx\/en\/wp-json\/wp\/v2\/media?parent=49"}],"curies":[{"name":"wp","href":"https:\/\/api.w.org\/{rel}","templated":true}]}}