{"id":30,"date":"2017-08-15T18:06:36","date_gmt":"2017-08-15T18:06:36","guid":{"rendered":"http:\/\/mayabek.local\/?page_id=30"},"modified":"2018-07-04T21:35:50","modified_gmt":"2018-07-04T21:35:50","slug":"modelo-educativo","status":"publish","type":"page","link":"https:\/\/ce-mayabek.edu.mx\/en\/modelo-educativo\/","title":{"rendered":"Educational Model"},"content":{"rendered":"<h1>Educational Model<\/h1>\n<p><span style=\"font-weight: 400;\">Our model is based on an educational methodology with 20 years of experience.<\/span><\/p>\n<p><span style=\"font-weight: 400;\">Based on the proposal of the\u00a0<\/span><b>\"<\/b><span style=\"font-weight: 400;\">Personal Constructs<\/span><b> \",\u00a0<\/b><span style=\"font-weight: 400;\">y philosopher George Kelly, and the locomotor and sensory stimulation through movement and music, we guide our students in the perception they build of themselves and the knowledge they record every day in their own history.<\/span><\/p>\n<p><span style=\"font-weight: 400;\">We develop our educational programs with excellent and practical academic content, which is acquired through experimentation and collaborative work, through rhythms, routines and the necessary oxygenation to maintain active concentration.<\/span><\/p>\n<p><span style=\"font-weight: 400;\">Our style of coexistence fosters a spirit of recognition, where each student respects the value of himself and others, resulting in the formation of independent people who build their own life story.<\/span><\/p>","protected":false},"excerpt":{"rendered":"<p>Modelo Educativo Nuestro modelo est\u00e1 sustentado en una metodolog\u00eda educativa con 20 a\u00f1os de experiencia. Con base en la propuesta de los\u00a0\u201cConstructos personales \u201c,\u00a0del fil\u00f3sofo George Kelly, y la estimulaci\u00f3n locomotora y sensorial a trav\u00e9s del movimiento y la m\u00fasica, guiamos a nuestros alumnos en la percepci\u00f3n que construyen de s\u00ed mismos y el conocimiento [&hellip;]<\/p>","protected":false},"author":1,"featured_media":220,"parent":0,"menu_order":0,"comment_status":"closed","ping_status":"closed","template":"tmp-masthead.php","meta":{"om_disable_all_campaigns":false,"_monsterinsights_skip_tracking":false,"_monsterinsights_sitenote_active":false,"_monsterinsights_sitenote_note":"","_monsterinsights_sitenote_category":0,"_joinchat":[],"footnotes":""},"class_list":["post-30","page","type-page","status-publish","has-post-thumbnail","hentry"],"aioseo_notices":[],"yoast_head":"<!-- This site is optimized with the Yoast SEO plugin v20.2.1 - https:\/\/yoast.com\/wordpress\/plugins\/seo\/ -->\n<title>Modelo Educativo en Playa del Carmen | Mayabek Comunidad Educativa<\/title>\n<meta name=\"description\" content=\"Nuestro modelo est\u00e1 sustentado en la metodolog\u00eda educativa de George Kelly, y en la estimulaci\u00f3n locomotora y sensorial a trav\u00e9s del movimiento y la m\u00fasica.\" \/>\n<meta name=\"robots\" content=\"index, follow, max-snippet:-1, max-image-preview:large, max-video-preview:-1\" \/>\n<link rel=\"canonical\" href=\"https:\/\/ce-mayabek.edu.mx\/en\/modelo-educativo\/\" \/>\n<meta property=\"og:locale\" content=\"en_US\" \/>\n<meta property=\"og:type\" content=\"article\" \/>\n<meta property=\"og:title\" content=\"Modelo Educativo en Playa del Carmen | Mayabek Comunidad Educativa\" \/>\n<meta property=\"og:description\" content=\"Nuestro modelo est\u00e1 sustentado en la metodolog\u00eda educativa de George Kelly, y en la estimulaci\u00f3n locomotora y sensorial a trav\u00e9s del movimiento y la m\u00fasica.\" \/>\n<meta property=\"og:url\" content=\"https:\/\/ce-mayabek.edu.mx\/en\/modelo-educativo\/\" \/>\n<meta property=\"og:site_name\" content=\"Mayabek\" \/>\n<meta property=\"article:publisher\" content=\"https:\/\/www.facebook.com\/MAYABEK120\/\" \/>\n<meta property=\"article:modified_time\" content=\"2018-07-04T21:35:50+00:00\" \/>\n<meta property=\"og:image\" content=\"https:\/\/ce-mayabek.edu.mx\/wp-content\/uploads\/2017\/10\/mod.jpg\" \/>\n\t<meta property=\"og:image:width\" content=\"1042\" \/>\n\t<meta property=\"og:image:height\" content=\"421\" \/>\n\t<meta property=\"og:image:type\" content=\"image\/jpeg\" \/>\n<meta name=\"twitter:card\" content=\"summary_large_image\" \/>\n<meta name=\"twitter:label1\" content=\"Est. reading time\" \/>\n\t<meta name=\"twitter:data1\" content=\"1 minute\" \/>\n<script type=\"application\/ld+json\" class=\"yoast-schema-graph\">{\"@context\":\"https:\/\/schema.org\",\"@graph\":[{\"@type\":\"WebPage\",\"@id\":\"https:\/\/ce-mayabek.edu.mx\/modelo-educativo\/\",\"url\":\"https:\/\/ce-mayabek.edu.mx\/modelo-educativo\/\",\"name\":\"Modelo Educativo en Playa del Carmen | Mayabek Comunidad Educativa\",\"isPartOf\":{\"@id\":\"https:\/\/ce-mayabek.edu.mx\/#website\"},\"datePublished\":\"2017-08-15T18:06:36+00:00\",\"dateModified\":\"2018-07-04T21:35:50+00:00\",\"description\":\"Nuestro modelo est\u00e1 sustentado en la metodolog\u00eda educativa de George Kelly, y en la estimulaci\u00f3n locomotora y sensorial a trav\u00e9s del movimiento y la m\u00fasica.\",\"breadcrumb\":{\"@id\":\"https:\/\/ce-mayabek.edu.mx\/modelo-educativo\/#breadcrumb\"},\"inLanguage\":\"en-US\",\"potentialAction\":[{\"@type\":\"ReadAction\",\"target\":[\"https:\/\/ce-mayabek.edu.mx\/modelo-educativo\/\"]}]},{\"@type\":\"BreadcrumbList\",\"@id\":\"https:\/\/ce-mayabek.edu.mx\/modelo-educativo\/#breadcrumb\",\"itemListElement\":[{\"@type\":\"ListItem\",\"position\":1,\"name\":\"Home\",\"item\":\"https:\/\/ce-mayabek.edu.mx\/\"},{\"@type\":\"ListItem\",\"position\":2,\"name\":\"Modelo Educativo\"}]},{\"@type\":\"WebSite\",\"@id\":\"https:\/\/ce-mayabek.edu.mx\/#website\",\"url\":\"https:\/\/ce-mayabek.edu.mx\/\",\"name\":\"Mayabek\",\"description\":\"Comunidad Educativa\",\"potentialAction\":[{\"@type\":\"SearchAction\",\"target\":{\"@type\":\"EntryPoint\",\"urlTemplate\":\"https:\/\/ce-mayabek.edu.mx\/?s={search_term_string}\"},\"query-input\":\"required name=search_term_string\"}],\"inLanguage\":\"en-US\"}]}<\/script>\n<!-- \/ Yoast SEO plugin. -->","yoast_head_json":{"title":"Modelo Educativo en Playa del Carmen | Mayabek Comunidad Educativa","description":"Nuestro modelo est\u00e1 sustentado en la metodolog\u00eda educativa de George Kelly, y en la estimulaci\u00f3n locomotora y sensorial a trav\u00e9s del movimiento y la m\u00fasica.","robots":{"index":"index","follow":"follow","max-snippet":"max-snippet:-1","max-image-preview":"max-image-preview:large","max-video-preview":"max-video-preview:-1"},"canonical":"https:\/\/ce-mayabek.edu.mx\/en\/modelo-educativo\/","og_locale":"en_US","og_type":"article","og_title":"Modelo Educativo en Playa del Carmen | Mayabek Comunidad Educativa","og_description":"Nuestro modelo est\u00e1 sustentado en la metodolog\u00eda educativa de George Kelly, y en la estimulaci\u00f3n locomotora y sensorial a trav\u00e9s del movimiento y la m\u00fasica.","og_url":"https:\/\/ce-mayabek.edu.mx\/en\/modelo-educativo\/","og_site_name":"Mayabek","article_publisher":"https:\/\/www.facebook.com\/MAYABEK120\/","article_modified_time":"2018-07-04T21:35:50+00:00","og_image":[{"width":1042,"height":421,"url":"https:\/\/ce-mayabek.edu.mx\/wp-content\/uploads\/2017\/10\/mod.jpg","type":"image\/jpeg"}],"twitter_card":"summary_large_image","twitter_misc":{"Est. reading time":"1 minute"},"schema":{"@context":"https:\/\/schema.org","@graph":[{"@type":"WebPage","@id":"https:\/\/ce-mayabek.edu.mx\/modelo-educativo\/","url":"https:\/\/ce-mayabek.edu.mx\/modelo-educativo\/","name":"Modelo Educativo en Playa del Carmen | Mayabek Comunidad Educativa","isPartOf":{"@id":"https:\/\/ce-mayabek.edu.mx\/#website"},"datePublished":"2017-08-15T18:06:36+00:00","dateModified":"2018-07-04T21:35:50+00:00","description":"Nuestro modelo est\u00e1 sustentado en la metodolog\u00eda educativa de George Kelly, y en la estimulaci\u00f3n locomotora y sensorial a trav\u00e9s del movimiento y la m\u00fasica.","breadcrumb":{"@id":"https:\/\/ce-mayabek.edu.mx\/modelo-educativo\/#breadcrumb"},"inLanguage":"en-US","potentialAction":[{"@type":"ReadAction","target":["https:\/\/ce-mayabek.edu.mx\/modelo-educativo\/"]}]},{"@type":"BreadcrumbList","@id":"https:\/\/ce-mayabek.edu.mx\/modelo-educativo\/#breadcrumb","itemListElement":[{"@type":"ListItem","position":1,"name":"Home","item":"https:\/\/ce-mayabek.edu.mx\/"},{"@type":"ListItem","position":2,"name":"Modelo Educativo"}]},{"@type":"WebSite","@id":"https:\/\/ce-mayabek.edu.mx\/#website","url":"https:\/\/ce-mayabek.edu.mx\/","name":"Mayabek","description":"Comunidad Educativa","potentialAction":[{"@type":"SearchAction","target":{"@type":"EntryPoint","urlTemplate":"https:\/\/ce-mayabek.edu.mx\/?s={search_term_string}"},"query-input":"required name=search_term_string"}],"inLanguage":"en-US"}]}},"_links":{"self":[{"href":"https:\/\/ce-mayabek.edu.mx\/en\/wp-json\/wp\/v2\/pages\/30","targetHints":{"allow":["GET"]}}],"collection":[{"href":"https:\/\/ce-mayabek.edu.mx\/en\/wp-json\/wp\/v2\/pages"}],"about":[{"href":"https:\/\/ce-mayabek.edu.mx\/en\/wp-json\/wp\/v2\/types\/page"}],"author":[{"embeddable":true,"href":"https:\/\/ce-mayabek.edu.mx\/en\/wp-json\/wp\/v2\/users\/1"}],"replies":[{"embeddable":true,"href":"https:\/\/ce-mayabek.edu.mx\/en\/wp-json\/wp\/v2\/comments?post=30"}],"version-history":[{"count":5,"href":"https:\/\/ce-mayabek.edu.mx\/en\/wp-json\/wp\/v2\/pages\/30\/revisions"}],"predecessor-version":[{"id":261,"href":"https:\/\/ce-mayabek.edu.mx\/en\/wp-json\/wp\/v2\/pages\/30\/revisions\/261"}],"wp:featuredmedia":[{"embeddable":true,"href":"https:\/\/ce-mayabek.edu.mx\/en\/wp-json\/wp\/v2\/media\/220"}],"wp:attachment":[{"href":"https:\/\/ce-mayabek.edu.mx\/en\/wp-json\/wp\/v2\/media?parent=30"}],"curies":[{"name":"wp","href":"https:\/\/api.w.org\/{rel}","templated":true}]}}