{"id":28,"date":"2017-08-15T18:06:23","date_gmt":"2017-08-15T18:06:23","guid":{"rendered":"http:\/\/mayabek.local\/?page_id=28"},"modified":"2018-07-04T21:27:14","modified_gmt":"2018-07-04T21:27:14","slug":"nuestro-equipo","status":"publish","type":"page","link":"https:\/\/ce-mayabek.edu.mx\/en\/nuestro-equipo\/","title":{"rendered":"Mayabek\u00b4s Team"},"content":{"rendered":"<h1>Mayabek\u00b4s Team<\/h1>\n<p><span style=\"font-weight: 400;\">Each member who is part of Mayabek, knows that it is a fundamental piece of a great gear that lives and teaches every day with: quality, honesty, respect, cocation, tolerance and responsibility.<\/span><\/p>\n<p><span style=\"font-weight: 400;\">We are prepared and in constant training to offer a better accompaniment to our students.<\/span><\/p>\n<p><span style=\"font-weight: 400;\">We practice the golden rules (Robert Fulghum), which allow us to learn and teach to be: safe, respectful, upright, noble, independent, conscious, rich in values, committed and most importantly ... Happy.<\/span><\/p>","protected":false},"excerpt":{"rendered":"<p>Equipo Laboral Escolar Todas las personas que laboramos en Mayabek, somos una pieza fundamental del engranaje que cada d\u00eda vive y ense\u00f1a con: Calidad, Honestidad, Respeto, Vocaci\u00f3n, Tolerancia y Responsabilidad. Somos personas preparadas y en capacitaci\u00f3n constante para ofrecer un mejor acompa\u00f1amiento a nuestros alumnos. Practicamos las reglas de oro (Robert Fulghum), que nos permiten [&hellip;]<\/p>","protected":false},"author":1,"featured_media":222,"parent":0,"menu_order":0,"comment_status":"closed","ping_status":"closed","template":"tmp-masthead.php","meta":{"om_disable_all_campaigns":false,"_monsterinsights_skip_tracking":false,"_monsterinsights_sitenote_active":false,"_monsterinsights_sitenote_note":"","_monsterinsights_sitenote_category":0,"_joinchat":[],"footnotes":""},"class_list":["post-28","page","type-page","status-publish","has-post-thumbnail","hentry"],"aioseo_notices":[],"yoast_head":"<!-- This site is optimized with the Yoast SEO plugin v20.2.1 - https:\/\/yoast.com\/wordpress\/plugins\/seo\/ -->\n<title>Equipo Laboral Escolar | Mayabek Comunidad Educativa<\/title>\n<meta name=\"description\" content=\"Las personas que laboramos en Mayabek Comunidad Educativa, somos una pieza fundamental del engranaje. Somos personas preparadas y en capacitaci\u00f3n constante.\" \/>\n<meta name=\"robots\" content=\"index, follow, max-snippet:-1, max-image-preview:large, max-video-preview:-1\" \/>\n<link rel=\"canonical\" href=\"https:\/\/ce-mayabek.edu.mx\/en\/nuestro-equipo\/\" \/>\n<meta property=\"og:locale\" content=\"en_US\" \/>\n<meta property=\"og:type\" content=\"article\" \/>\n<meta property=\"og:title\" content=\"Equipo Laboral Escolar | Mayabek Comunidad Educativa\" \/>\n<meta property=\"og:description\" content=\"Las personas que laboramos en Mayabek Comunidad Educativa, somos una pieza fundamental del engranaje. Somos personas preparadas y en capacitaci\u00f3n constante.\" \/>\n<meta property=\"og:url\" content=\"https:\/\/ce-mayabek.edu.mx\/en\/nuestro-equipo\/\" \/>\n<meta property=\"og:site_name\" content=\"Mayabek\" \/>\n<meta property=\"article:publisher\" content=\"https:\/\/www.facebook.com\/MAYABEK120\/\" \/>\n<meta property=\"article:modified_time\" content=\"2018-07-04T21:27:14+00:00\" \/>\n<meta property=\"og:image\" content=\"https:\/\/ce-mayabek.edu.mx\/wp-content\/uploads\/2017\/10\/NuestroEquipo-1.jpg\" \/>\n\t<meta property=\"og:image:width\" content=\"1600\" \/>\n\t<meta property=\"og:image:height\" content=\"800\" \/>\n\t<meta property=\"og:image:type\" content=\"image\/jpeg\" \/>\n<meta name=\"twitter:card\" content=\"summary_large_image\" \/>\n<script type=\"application\/ld+json\" class=\"yoast-schema-graph\">{\"@context\":\"https:\/\/schema.org\",\"@graph\":[{\"@type\":\"WebPage\",\"@id\":\"https:\/\/ce-mayabek.edu.mx\/nuestro-equipo\/\",\"url\":\"https:\/\/ce-mayabek.edu.mx\/nuestro-equipo\/\",\"name\":\"Equipo Laboral Escolar | Mayabek Comunidad Educativa\",\"isPartOf\":{\"@id\":\"https:\/\/ce-mayabek.edu.mx\/#website\"},\"datePublished\":\"2017-08-15T18:06:23+00:00\",\"dateModified\":\"2018-07-04T21:27:14+00:00\",\"description\":\"Las personas que laboramos en Mayabek Comunidad Educativa, somos una pieza fundamental del engranaje. Somos personas preparadas y en capacitaci\u00f3n constante.\",\"breadcrumb\":{\"@id\":\"https:\/\/ce-mayabek.edu.mx\/nuestro-equipo\/#breadcrumb\"},\"inLanguage\":\"en-US\",\"potentialAction\":[{\"@type\":\"ReadAction\",\"target\":[\"https:\/\/ce-mayabek.edu.mx\/nuestro-equipo\/\"]}]},{\"@type\":\"BreadcrumbList\",\"@id\":\"https:\/\/ce-mayabek.edu.mx\/nuestro-equipo\/#breadcrumb\",\"itemListElement\":[{\"@type\":\"ListItem\",\"position\":1,\"name\":\"Home\",\"item\":\"https:\/\/ce-mayabek.edu.mx\/\"},{\"@type\":\"ListItem\",\"position\":2,\"name\":\"Equipo Laboral Escolar\"}]},{\"@type\":\"WebSite\",\"@id\":\"https:\/\/ce-mayabek.edu.mx\/#website\",\"url\":\"https:\/\/ce-mayabek.edu.mx\/\",\"name\":\"Mayabek\",\"description\":\"Comunidad Educativa\",\"potentialAction\":[{\"@type\":\"SearchAction\",\"target\":{\"@type\":\"EntryPoint\",\"urlTemplate\":\"https:\/\/ce-mayabek.edu.mx\/?s={search_term_string}\"},\"query-input\":\"required name=search_term_string\"}],\"inLanguage\":\"en-US\"}]}<\/script>\n<!-- \/ Yoast SEO plugin. -->","yoast_head_json":{"title":"Equipo Laboral Escolar | Mayabek Comunidad Educativa","description":"Las personas que laboramos en Mayabek Comunidad Educativa, somos una pieza fundamental del engranaje. Somos personas preparadas y en capacitaci\u00f3n constante.","robots":{"index":"index","follow":"follow","max-snippet":"max-snippet:-1","max-image-preview":"max-image-preview:large","max-video-preview":"max-video-preview:-1"},"canonical":"https:\/\/ce-mayabek.edu.mx\/en\/nuestro-equipo\/","og_locale":"en_US","og_type":"article","og_title":"Equipo Laboral Escolar | Mayabek Comunidad Educativa","og_description":"Las personas que laboramos en Mayabek Comunidad Educativa, somos una pieza fundamental del engranaje. Somos personas preparadas y en capacitaci\u00f3n constante.","og_url":"https:\/\/ce-mayabek.edu.mx\/en\/nuestro-equipo\/","og_site_name":"Mayabek","article_publisher":"https:\/\/www.facebook.com\/MAYABEK120\/","article_modified_time":"2018-07-04T21:27:14+00:00","og_image":[{"width":1600,"height":800,"url":"https:\/\/ce-mayabek.edu.mx\/wp-content\/uploads\/2017\/10\/NuestroEquipo-1.jpg","type":"image\/jpeg"}],"twitter_card":"summary_large_image","schema":{"@context":"https:\/\/schema.org","@graph":[{"@type":"WebPage","@id":"https:\/\/ce-mayabek.edu.mx\/nuestro-equipo\/","url":"https:\/\/ce-mayabek.edu.mx\/nuestro-equipo\/","name":"Equipo Laboral Escolar | Mayabek Comunidad Educativa","isPartOf":{"@id":"https:\/\/ce-mayabek.edu.mx\/#website"},"datePublished":"2017-08-15T18:06:23+00:00","dateModified":"2018-07-04T21:27:14+00:00","description":"Las personas que laboramos en Mayabek Comunidad Educativa, somos una pieza fundamental del engranaje. Somos personas preparadas y en capacitaci\u00f3n constante.","breadcrumb":{"@id":"https:\/\/ce-mayabek.edu.mx\/nuestro-equipo\/#breadcrumb"},"inLanguage":"en-US","potentialAction":[{"@type":"ReadAction","target":["https:\/\/ce-mayabek.edu.mx\/nuestro-equipo\/"]}]},{"@type":"BreadcrumbList","@id":"https:\/\/ce-mayabek.edu.mx\/nuestro-equipo\/#breadcrumb","itemListElement":[{"@type":"ListItem","position":1,"name":"Home","item":"https:\/\/ce-mayabek.edu.mx\/"},{"@type":"ListItem","position":2,"name":"Equipo Laboral Escolar"}]},{"@type":"WebSite","@id":"https:\/\/ce-mayabek.edu.mx\/#website","url":"https:\/\/ce-mayabek.edu.mx\/","name":"Mayabek","description":"Comunidad Educativa","potentialAction":[{"@type":"SearchAction","target":{"@type":"EntryPoint","urlTemplate":"https:\/\/ce-mayabek.edu.mx\/?s={search_term_string}"},"query-input":"required name=search_term_string"}],"inLanguage":"en-US"}]}},"_links":{"self":[{"href":"https:\/\/ce-mayabek.edu.mx\/en\/wp-json\/wp\/v2\/pages\/28","targetHints":{"allow":["GET"]}}],"collection":[{"href":"https:\/\/ce-mayabek.edu.mx\/en\/wp-json\/wp\/v2\/pages"}],"about":[{"href":"https:\/\/ce-mayabek.edu.mx\/en\/wp-json\/wp\/v2\/types\/page"}],"author":[{"embeddable":true,"href":"https:\/\/ce-mayabek.edu.mx\/en\/wp-json\/wp\/v2\/users\/1"}],"replies":[{"embeddable":true,"href":"https:\/\/ce-mayabek.edu.mx\/en\/wp-json\/wp\/v2\/comments?post=28"}],"version-history":[{"count":6,"href":"https:\/\/ce-mayabek.edu.mx\/en\/wp-json\/wp\/v2\/pages\/28\/revisions"}],"predecessor-version":[{"id":230,"href":"https:\/\/ce-mayabek.edu.mx\/en\/wp-json\/wp\/v2\/pages\/28\/revisions\/230"}],"wp:featuredmedia":[{"embeddable":true,"href":"https:\/\/ce-mayabek.edu.mx\/en\/wp-json\/wp\/v2\/media\/222"}],"wp:attachment":[{"href":"https:\/\/ce-mayabek.edu.mx\/en\/wp-json\/wp\/v2\/media?parent=28"}],"curies":[{"name":"wp","href":"https:\/\/api.w.org\/{rel}","templated":true}]}}