{"id":26,"date":"2017-08-15T18:06:01","date_gmt":"2017-08-15T18:06:01","guid":{"rendered":"http:\/\/mayabek.local\/?page_id=26"},"modified":"2017-11-03T18:09:21","modified_gmt":"2017-11-03T18:09:21","slug":"mision-vision-y-filosofia","status":"publish","type":"page","link":"https:\/\/ce-mayabek.edu.mx\/en\/mision-vision-y-filosofia\/","title":{"rendered":"Mission, Vision and Philosophy"},"content":{"rendered":"<div class=\"row\">\n<div class=\"col-md-4\">\n<h2>Our Mission<\/h2>\n<p class=\"justify-text\">To accompany and facilitate the conscious growth of human beings who, with their abilities and talents, have a positive influence on the world, through active listening and the balanced practice of experiences, emotions, values and dialogue.<\/p>\n<\/div>\n<div class=\"col-md-4\">\n<h2>Vision<\/h2>\n<p class=\"justify-text\">To be the Educational Community most chosen by the families of Playa del Carmen for providing a unique, active, harmonious and personalized learning model, focused on the development of the BEING.<\/p>\n<\/div>\n<div class=\"col-md-4\">\n<h2>Philosophy<\/h2>\n<p class=\"justify-text\">Our philosophy \"Free Consciousness\", is based on the premise: \"All your attitudes and actions have a reflection in the environment, allowing you to shine and illuminate as much as you decide\".<\/p>\n<\/div>\n<\/div>","protected":false},"excerpt":{"rendered":"","protected":false},"author":1,"featured_media":208,"parent":0,"menu_order":0,"comment_status":"closed","ping_status":"closed","template":"tmp-masthead.php","meta":{"om_disable_all_campaigns":false,"_monsterinsights_skip_tracking":false,"_monsterinsights_sitenote_active":false,"_monsterinsights_sitenote_note":"","_monsterinsights_sitenote_category":0,"_joinchat":[],"footnotes":""},"class_list":["post-26","page","type-page","status-publish","has-post-thumbnail","hentry"],"aioseo_notices":[],"yoast_head":"<!-- This site is optimized with the Yoast SEO plugin v20.2.1 - https:\/\/yoast.com\/wordpress\/plugins\/seo\/ -->\n<title>Valores Institucionales Mayabek | Mayabek Comunidad Educativa<\/title>\n<meta name=\"description\" content=\"Nuestros Valores Institucionales se centran en el crecimiento humano y el aprendizaje arm\u00f3nico, permiti\u00e9ndo les brillar e iluminar tanto como lo decidan.\" \/>\n<meta name=\"robots\" content=\"index, follow, max-snippet:-1, max-image-preview:large, max-video-preview:-1\" \/>\n<link rel=\"canonical\" href=\"https:\/\/ce-mayabek.edu.mx\/en\/mision-vision-y-filosofia\/\" \/>\n<meta property=\"og:locale\" content=\"en_US\" \/>\n<meta property=\"og:type\" content=\"article\" \/>\n<meta property=\"og:title\" content=\"Valores Institucionales Mayabek | Mayabek Comunidad Educativa\" \/>\n<meta property=\"og:description\" content=\"Nuestros Valores Institucionales se centran en el crecimiento humano y el aprendizaje arm\u00f3nico, permiti\u00e9ndo les brillar e iluminar tanto como lo decidan.\" \/>\n<meta property=\"og:url\" content=\"https:\/\/ce-mayabek.edu.mx\/en\/mision-vision-y-filosofia\/\" \/>\n<meta property=\"og:site_name\" content=\"Mayabek\" \/>\n<meta property=\"article:publisher\" content=\"https:\/\/www.facebook.com\/MAYABEK120\/\" \/>\n<meta property=\"article:modified_time\" content=\"2017-11-03T18:09:21+00:00\" \/>\n<meta property=\"og:image\" content=\"https:\/\/ce-mayabek.edu.mx\/wp-content\/uploads\/2017\/08\/MisionVV.jpg\" \/>\n\t<meta property=\"og:image:width\" content=\"1600\" \/>\n\t<meta property=\"og:image:height\" content=\"1067\" \/>\n\t<meta property=\"og:image:type\" content=\"image\/jpeg\" \/>\n<meta name=\"twitter:card\" content=\"summary_large_image\" \/>\n<meta name=\"twitter:label1\" content=\"Est. reading time\" \/>\n\t<meta name=\"twitter:data1\" content=\"1 minute\" \/>\n<script type=\"application\/ld+json\" class=\"yoast-schema-graph\">{\"@context\":\"https:\/\/schema.org\",\"@graph\":[{\"@type\":\"WebPage\",\"@id\":\"https:\/\/ce-mayabek.edu.mx\/mision-vision-y-filosofia\/\",\"url\":\"https:\/\/ce-mayabek.edu.mx\/mision-vision-y-filosofia\/\",\"name\":\"Valores Institucionales Mayabek | Mayabek Comunidad Educativa\",\"isPartOf\":{\"@id\":\"https:\/\/ce-mayabek.edu.mx\/#website\"},\"datePublished\":\"2017-08-15T18:06:01+00:00\",\"dateModified\":\"2017-11-03T18:09:21+00:00\",\"description\":\"Nuestros Valores Institucionales se centran en el crecimiento humano y el aprendizaje arm\u00f3nico, permiti\u00e9ndo les brillar e iluminar tanto como lo decidan.\",\"breadcrumb\":{\"@id\":\"https:\/\/ce-mayabek.edu.mx\/mision-vision-y-filosofia\/#breadcrumb\"},\"inLanguage\":\"en-US\",\"potentialAction\":[{\"@type\":\"ReadAction\",\"target\":[\"https:\/\/ce-mayabek.edu.mx\/mision-vision-y-filosofia\/\"]}]},{\"@type\":\"BreadcrumbList\",\"@id\":\"https:\/\/ce-mayabek.edu.mx\/mision-vision-y-filosofia\/#breadcrumb\",\"itemListElement\":[{\"@type\":\"ListItem\",\"position\":1,\"name\":\"Home\",\"item\":\"https:\/\/ce-mayabek.edu.mx\/\"},{\"@type\":\"ListItem\",\"position\":2,\"name\":\"Misi\u00f3n, visi\u00f3n y filosof\u00eda\"}]},{\"@type\":\"WebSite\",\"@id\":\"https:\/\/ce-mayabek.edu.mx\/#website\",\"url\":\"https:\/\/ce-mayabek.edu.mx\/\",\"name\":\"Mayabek\",\"description\":\"Comunidad Educativa\",\"potentialAction\":[{\"@type\":\"SearchAction\",\"target\":{\"@type\":\"EntryPoint\",\"urlTemplate\":\"https:\/\/ce-mayabek.edu.mx\/?s={search_term_string}\"},\"query-input\":\"required name=search_term_string\"}],\"inLanguage\":\"en-US\"}]}<\/script>\n<!-- \/ Yoast SEO plugin. -->","yoast_head_json":{"title":"Valores Institucionales Mayabek | Mayabek Comunidad Educativa","description":"Nuestros Valores Institucionales se centran en el crecimiento humano y el aprendizaje arm\u00f3nico, permiti\u00e9ndo les brillar e iluminar tanto como lo decidan.","robots":{"index":"index","follow":"follow","max-snippet":"max-snippet:-1","max-image-preview":"max-image-preview:large","max-video-preview":"max-video-preview:-1"},"canonical":"https:\/\/ce-mayabek.edu.mx\/en\/mision-vision-y-filosofia\/","og_locale":"en_US","og_type":"article","og_title":"Valores Institucionales Mayabek | Mayabek Comunidad Educativa","og_description":"Nuestros Valores Institucionales se centran en el crecimiento humano y el aprendizaje arm\u00f3nico, permiti\u00e9ndo les brillar e iluminar tanto como lo decidan.","og_url":"https:\/\/ce-mayabek.edu.mx\/en\/mision-vision-y-filosofia\/","og_site_name":"Mayabek","article_publisher":"https:\/\/www.facebook.com\/MAYABEK120\/","article_modified_time":"2017-11-03T18:09:21+00:00","og_image":[{"width":1600,"height":1067,"url":"https:\/\/ce-mayabek.edu.mx\/wp-content\/uploads\/2017\/08\/MisionVV.jpg","type":"image\/jpeg"}],"twitter_card":"summary_large_image","twitter_misc":{"Est. reading time":"1 minute"},"schema":{"@context":"https:\/\/schema.org","@graph":[{"@type":"WebPage","@id":"https:\/\/ce-mayabek.edu.mx\/mision-vision-y-filosofia\/","url":"https:\/\/ce-mayabek.edu.mx\/mision-vision-y-filosofia\/","name":"Valores Institucionales Mayabek | Mayabek Comunidad Educativa","isPartOf":{"@id":"https:\/\/ce-mayabek.edu.mx\/#website"},"datePublished":"2017-08-15T18:06:01+00:00","dateModified":"2017-11-03T18:09:21+00:00","description":"Nuestros Valores Institucionales se centran en el crecimiento humano y el aprendizaje arm\u00f3nico, permiti\u00e9ndo les brillar e iluminar tanto como lo decidan.","breadcrumb":{"@id":"https:\/\/ce-mayabek.edu.mx\/mision-vision-y-filosofia\/#breadcrumb"},"inLanguage":"en-US","potentialAction":[{"@type":"ReadAction","target":["https:\/\/ce-mayabek.edu.mx\/mision-vision-y-filosofia\/"]}]},{"@type":"BreadcrumbList","@id":"https:\/\/ce-mayabek.edu.mx\/mision-vision-y-filosofia\/#breadcrumb","itemListElement":[{"@type":"ListItem","position":1,"name":"Home","item":"https:\/\/ce-mayabek.edu.mx\/"},{"@type":"ListItem","position":2,"name":"Misi\u00f3n, visi\u00f3n y filosof\u00eda"}]},{"@type":"WebSite","@id":"https:\/\/ce-mayabek.edu.mx\/#website","url":"https:\/\/ce-mayabek.edu.mx\/","name":"Mayabek","description":"Comunidad Educativa","potentialAction":[{"@type":"SearchAction","target":{"@type":"EntryPoint","urlTemplate":"https:\/\/ce-mayabek.edu.mx\/?s={search_term_string}"},"query-input":"required name=search_term_string"}],"inLanguage":"en-US"}]}},"_links":{"self":[{"href":"https:\/\/ce-mayabek.edu.mx\/en\/wp-json\/wp\/v2\/pages\/26","targetHints":{"allow":["GET"]}}],"collection":[{"href":"https:\/\/ce-mayabek.edu.mx\/en\/wp-json\/wp\/v2\/pages"}],"about":[{"href":"https:\/\/ce-mayabek.edu.mx\/en\/wp-json\/wp\/v2\/types\/page"}],"author":[{"embeddable":true,"href":"https:\/\/ce-mayabek.edu.mx\/en\/wp-json\/wp\/v2\/users\/1"}],"replies":[{"embeddable":true,"href":"https:\/\/ce-mayabek.edu.mx\/en\/wp-json\/wp\/v2\/comments?post=26"}],"version-history":[{"count":7,"href":"https:\/\/ce-mayabek.edu.mx\/en\/wp-json\/wp\/v2\/pages\/26\/revisions"}],"predecessor-version":[{"id":258,"href":"https:\/\/ce-mayabek.edu.mx\/en\/wp-json\/wp\/v2\/pages\/26\/revisions\/258"}],"wp:featuredmedia":[{"embeddable":true,"href":"https:\/\/ce-mayabek.edu.mx\/en\/wp-json\/wp\/v2\/media\/208"}],"wp:attachment":[{"href":"https:\/\/ce-mayabek.edu.mx\/en\/wp-json\/wp\/v2\/media?parent=26"}],"curies":[{"name":"wp","href":"https:\/\/api.w.org\/{rel}","templated":true}]}}