{"id":24,"date":"2017-08-15T18:04:57","date_gmt":"2017-08-15T18:04:57","guid":{"rendered":"http:\/\/mayabek.local\/?page_id=24"},"modified":"2019-08-02T16:15:10","modified_gmt":"2019-08-02T16:15:10","slug":"historia","status":"publish","type":"page","link":"https:\/\/ce-mayabek.edu.mx\/en\/historia\/","title":{"rendered":"Our History"},"content":{"rendered":"<h1>Our History<\/h1>\n<p><span style=\"font-weight: 400;\">The Mayabek Educational Community was born as a 100% active and alternative educational proposal for its daily teaching and learning methodology, which is based on sensory experimentation, constant movement and exploration of the environment, to develop talents and skills.<\/span><\/p>\n<p><span style=\"font-weight: 400;\">In August 2007 it opens its doors to the three preschool grades and establishes the difference with the \"constructo movimiento\" method and the unique proposal of complying with all the characteristics of an active school that can have a regular academic program. <\/span><\/p>\n<p><span style=\"font-weight: 400;\">In 2009, it integrated the maternal level, creating two grades that strengthen the safe and happy integration of the little ones into school life.<\/span><span style=\"font-weight: 400;\"><br \/>\n<\/span><\/p>\n<p><span style=\"font-weight: 400;\">During the following years, Mayabek also positions itself as an inclusive and adaptable school for all types of families, as it covers all learning styles and respects the rhythms of each student, while offering activities and situations that allow them to find, develop and overcome their own talents and abilities.<\/span><\/p>\n<p><span style=\"font-weight: 400;\">In August 2016 Mayabek celebrates its ninth school year with the opening of the Primary level, adding to the methodology the \"Emprender mi vida\" program, with which students enjoy, build and exercise qualities of entrepreneurship and management of financial terms necessary for life.<\/span><\/p>\n<p><span style=\"font-weight: 400;\">In 2019 we integrated the music and body percussion program to the primary level.<\/span><\/p>","protected":false},"excerpt":{"rendered":"<p>Nuestra Historia La Comunidad Educativa Mayabek, nace como una propuesta de educaci\u00f3n 100% activa y alternativa por su metodolog\u00eda de ense\u00f1anza aprendizaje diario, que parte de la experimentaci\u00f3n sensorial, el movimiento constante y la exploraci\u00f3n del medio, para desarrollar talentos y habilidades propias. En agosto de 2007 abre sus puertas a los tres grados de [&hellip;]<\/p>","protected":false},"author":1,"featured_media":225,"parent":0,"menu_order":0,"comment_status":"closed","ping_status":"closed","template":"tmp-masthead.php","meta":{"om_disable_all_campaigns":false,"_monsterinsights_skip_tracking":false,"_monsterinsights_sitenote_active":false,"_monsterinsights_sitenote_note":"","_monsterinsights_sitenote_category":0,"_joinchat":[],"footnotes":""},"class_list":["post-24","page","type-page","status-publish","has-post-thumbnail","hentry"],"aioseo_notices":[],"yoast_head":"<!-- This site is optimized with the Yoast SEO plugin v20.2.1 - https:\/\/yoast.com\/wordpress\/plugins\/seo\/ -->\n<title>Historia Educativa | Mayabek Comunidad Educativa<\/title>\n<meta name=\"description\" content=\"La Comunidad Educativa Mayabek, nace como una propuesta de educaci\u00f3n 100% activa y alternativa, en agosto de 2007 abre sus puertas.\" \/>\n<meta name=\"robots\" content=\"index, follow, max-snippet:-1, max-image-preview:large, max-video-preview:-1\" \/>\n<link rel=\"canonical\" href=\"https:\/\/ce-mayabek.edu.mx\/en\/historia\/\" \/>\n<meta property=\"og:locale\" content=\"en_US\" \/>\n<meta property=\"og:type\" content=\"article\" \/>\n<meta property=\"og:title\" content=\"Historia Educativa | Mayabek Comunidad Educativa\" \/>\n<meta property=\"og:description\" content=\"La Comunidad Educativa Mayabek, nace como una propuesta de educaci\u00f3n 100% activa y alternativa, en agosto de 2007 abre sus puertas.\" \/>\n<meta property=\"og:url\" content=\"https:\/\/ce-mayabek.edu.mx\/en\/historia\/\" \/>\n<meta property=\"og:site_name\" content=\"Mayabek\" \/>\n<meta property=\"article:publisher\" content=\"https:\/\/www.facebook.com\/MAYABEK120\/\" \/>\n<meta property=\"article:modified_time\" content=\"2019-08-02T16:15:10+00:00\" \/>\n<meta property=\"og:image\" content=\"https:\/\/ce-mayabek.edu.mx\/wp-content\/uploads\/2017\/08\/Historia.jpg\" \/>\n\t<meta property=\"og:image:width\" content=\"1600\" \/>\n\t<meta property=\"og:image:height\" content=\"1067\" \/>\n\t<meta property=\"og:image:type\" content=\"image\/jpeg\" \/>\n<meta name=\"twitter:card\" content=\"summary_large_image\" \/>\n<meta name=\"twitter:label1\" content=\"Est. reading time\" \/>\n\t<meta name=\"twitter:data1\" content=\"1 minute\" \/>\n<script type=\"application\/ld+json\" class=\"yoast-schema-graph\">{\"@context\":\"https:\/\/schema.org\",\"@graph\":[{\"@type\":\"WebPage\",\"@id\":\"https:\/\/ce-mayabek.edu.mx\/historia\/\",\"url\":\"https:\/\/ce-mayabek.edu.mx\/historia\/\",\"name\":\"Historia Educativa | Mayabek Comunidad Educativa\",\"isPartOf\":{\"@id\":\"https:\/\/ce-mayabek.edu.mx\/#website\"},\"datePublished\":\"2017-08-15T18:04:57+00:00\",\"dateModified\":\"2019-08-02T16:15:10+00:00\",\"description\":\"La Comunidad Educativa Mayabek, nace como una propuesta de educaci\u00f3n 100% activa y alternativa, en agosto de 2007 abre sus puertas.\",\"breadcrumb\":{\"@id\":\"https:\/\/ce-mayabek.edu.mx\/historia\/#breadcrumb\"},\"inLanguage\":\"en-US\",\"potentialAction\":[{\"@type\":\"ReadAction\",\"target\":[\"https:\/\/ce-mayabek.edu.mx\/historia\/\"]}]},{\"@type\":\"BreadcrumbList\",\"@id\":\"https:\/\/ce-mayabek.edu.mx\/historia\/#breadcrumb\",\"itemListElement\":[{\"@type\":\"ListItem\",\"position\":1,\"name\":\"Home\",\"item\":\"https:\/\/ce-mayabek.edu.mx\/\"},{\"@type\":\"ListItem\",\"position\":2,\"name\":\"Historia\"}]},{\"@type\":\"WebSite\",\"@id\":\"https:\/\/ce-mayabek.edu.mx\/#website\",\"url\":\"https:\/\/ce-mayabek.edu.mx\/\",\"name\":\"Mayabek\",\"description\":\"Comunidad Educativa\",\"potentialAction\":[{\"@type\":\"SearchAction\",\"target\":{\"@type\":\"EntryPoint\",\"urlTemplate\":\"https:\/\/ce-mayabek.edu.mx\/?s={search_term_string}\"},\"query-input\":\"required name=search_term_string\"}],\"inLanguage\":\"en-US\"}]}<\/script>\n<!-- \/ Yoast SEO plugin. -->","yoast_head_json":{"title":"Historia Educativa | Mayabek Comunidad Educativa","description":"La Comunidad Educativa Mayabek, nace como una propuesta de educaci\u00f3n 100% activa y alternativa, en agosto de 2007 abre sus puertas.","robots":{"index":"index","follow":"follow","max-snippet":"max-snippet:-1","max-image-preview":"max-image-preview:large","max-video-preview":"max-video-preview:-1"},"canonical":"https:\/\/ce-mayabek.edu.mx\/en\/historia\/","og_locale":"en_US","og_type":"article","og_title":"Historia Educativa | Mayabek Comunidad Educativa","og_description":"La Comunidad Educativa Mayabek, nace como una propuesta de educaci\u00f3n 100% activa y alternativa, en agosto de 2007 abre sus puertas.","og_url":"https:\/\/ce-mayabek.edu.mx\/en\/historia\/","og_site_name":"Mayabek","article_publisher":"https:\/\/www.facebook.com\/MAYABEK120\/","article_modified_time":"2019-08-02T16:15:10+00:00","og_image":[{"width":1600,"height":1067,"url":"https:\/\/ce-mayabek.edu.mx\/wp-content\/uploads\/2017\/08\/Historia.jpg","type":"image\/jpeg"}],"twitter_card":"summary_large_image","twitter_misc":{"Est. reading time":"1 minute"},"schema":{"@context":"https:\/\/schema.org","@graph":[{"@type":"WebPage","@id":"https:\/\/ce-mayabek.edu.mx\/historia\/","url":"https:\/\/ce-mayabek.edu.mx\/historia\/","name":"Historia Educativa | Mayabek Comunidad Educativa","isPartOf":{"@id":"https:\/\/ce-mayabek.edu.mx\/#website"},"datePublished":"2017-08-15T18:04:57+00:00","dateModified":"2019-08-02T16:15:10+00:00","description":"La Comunidad Educativa Mayabek, nace como una propuesta de educaci\u00f3n 100% activa y alternativa, en agosto de 2007 abre sus puertas.","breadcrumb":{"@id":"https:\/\/ce-mayabek.edu.mx\/historia\/#breadcrumb"},"inLanguage":"en-US","potentialAction":[{"@type":"ReadAction","target":["https:\/\/ce-mayabek.edu.mx\/historia\/"]}]},{"@type":"BreadcrumbList","@id":"https:\/\/ce-mayabek.edu.mx\/historia\/#breadcrumb","itemListElement":[{"@type":"ListItem","position":1,"name":"Home","item":"https:\/\/ce-mayabek.edu.mx\/"},{"@type":"ListItem","position":2,"name":"Historia"}]},{"@type":"WebSite","@id":"https:\/\/ce-mayabek.edu.mx\/#website","url":"https:\/\/ce-mayabek.edu.mx\/","name":"Mayabek","description":"Comunidad Educativa","potentialAction":[{"@type":"SearchAction","target":{"@type":"EntryPoint","urlTemplate":"https:\/\/ce-mayabek.edu.mx\/?s={search_term_string}"},"query-input":"required name=search_term_string"}],"inLanguage":"en-US"}]}},"_links":{"self":[{"href":"https:\/\/ce-mayabek.edu.mx\/en\/wp-json\/wp\/v2\/pages\/24","targetHints":{"allow":["GET"]}}],"collection":[{"href":"https:\/\/ce-mayabek.edu.mx\/en\/wp-json\/wp\/v2\/pages"}],"about":[{"href":"https:\/\/ce-mayabek.edu.mx\/en\/wp-json\/wp\/v2\/types\/page"}],"author":[{"embeddable":true,"href":"https:\/\/ce-mayabek.edu.mx\/en\/wp-json\/wp\/v2\/users\/1"}],"replies":[{"embeddable":true,"href":"https:\/\/ce-mayabek.edu.mx\/en\/wp-json\/wp\/v2\/comments?post=24"}],"version-history":[{"count":10,"href":"https:\/\/ce-mayabek.edu.mx\/en\/wp-json\/wp\/v2\/pages\/24\/revisions"}],"predecessor-version":[{"id":275,"href":"https:\/\/ce-mayabek.edu.mx\/en\/wp-json\/wp\/v2\/pages\/24\/revisions\/275"}],"wp:featuredmedia":[{"embeddable":true,"href":"https:\/\/ce-mayabek.edu.mx\/en\/wp-json\/wp\/v2\/media\/225"}],"wp:attachment":[{"href":"https:\/\/ce-mayabek.edu.mx\/en\/wp-json\/wp\/v2\/media?parent=24"}],"curies":[{"name":"wp","href":"https:\/\/api.w.org\/{rel}","templated":true}]}}