{"id":20,"date":"2017-08-15T05:09:44","date_gmt":"2017-08-15T05:09:44","guid":{"rendered":"http:\/\/mayabek.local\/?page_id=20"},"modified":"2017-11-03T17:43:58","modified_gmt":"2017-11-03T17:43:58","slug":"bienvenida-de-la-directora","status":"publish","type":"page","link":"https:\/\/ce-mayabek.edu.mx\/en\/bienvenida-de-la-directora\/","title":{"rendered":"Welcome from the Director"},"content":{"rendered":"<h1>Welcome from the director<\/h1>\n<p>Dear visiting family, thank you for your interest in our school.<\/p>\n<p>If you are looking for a school focused on the <strong>DEVELOPMENT OF BEING, and\u00a0<\/strong><strong>LEARNING THROUGH EDUCATION IN MOTION,<\/strong>you are in the right place.<\/p>\n<p>Comunidad Educativa Mayabek is an\u00a0<strong>active school<\/strong>\u00a0with an alternative teaching and learning method, for those who want to be happy while learning and developing their academic, physical, emotional and social skills and talents.<\/p>\n<p>We are a private school incorporated to the SEP, bilingual, with innovative academic programs and additional projects to the basic education curriculum, which focuses on the development of entrepreneurial, analytical, creative and personal growth skills.<br \/>\nIn this page you will find the essentials to get to know us, however, we will be happy to serve you in our facilities and share with you personally the experiences we enjoy every day in Mayabek.<\/p>\n<p>Best regards.<\/p>\n<p><em>Atentamente<\/em><br \/>\nCarolina Rodr\u00edguez<br \/>\nSchool Principal<\/p>","protected":false},"excerpt":{"rendered":"<p>Bienvenida de la directora Estimada familia visitante, agradecemos su inter\u00e9s en nuestra instituci\u00f3n. Si usted est\u00e1 en b\u00fasqueda de una\u00a0escuela enfocada al DESARROLLO DEL SER, y al\u00a0APRENDIZAJE A TRAV\u00c9S DE UNA EDUCACI\u00d3N EN MOVIMIENTO,\u00a0est\u00e1 en el sitio correcto. La Comunidad Educativa Mayabek es una escuela\u00a0activa\u00a0con un m\u00e9todo de ense\u00f1anza aprendizaje alternativo, para quienes desean ser [&hellip;]<\/p>","protected":false},"author":1,"featured_media":215,"parent":0,"menu_order":0,"comment_status":"closed","ping_status":"closed","template":"tmp-masthead.php","meta":{"om_disable_all_campaigns":false,"_monsterinsights_skip_tracking":false,"_monsterinsights_sitenote_active":false,"_monsterinsights_sitenote_note":"","_monsterinsights_sitenote_category":0,"_joinchat":[],"footnotes":""},"class_list":["post-20","page","type-page","status-publish","has-post-thumbnail","hentry"],"aioseo_notices":[],"yoast_head":"<!-- This site is optimized with the Yoast SEO plugin v20.2.1 - https:\/\/yoast.com\/wordpress\/plugins\/seo\/ -->\n<title>Bienvenida de la Directora - Mayabek Comunidad Educativa<\/title>\n<meta name=\"description\" content=\"Estimada familia visitante, Mayabek es una escuela enfocada al desarrollo del ser, y al aprendizaje a trav\u00e9s de una educaci\u00f3n en movimiento.\" \/>\n<meta name=\"robots\" content=\"index, follow, max-snippet:-1, max-image-preview:large, max-video-preview:-1\" \/>\n<link rel=\"canonical\" href=\"https:\/\/ce-mayabek.edu.mx\/en\/bienvenida-de-la-directora\/\" \/>\n<meta property=\"og:locale\" content=\"en_US\" \/>\n<meta property=\"og:type\" content=\"article\" \/>\n<meta property=\"og:title\" content=\"Bienvenida de la Directora - Mayabek Comunidad Educativa\" \/>\n<meta property=\"og:description\" content=\"Estimada familia visitante, Mayabek es una escuela enfocada al desarrollo del ser, y al aprendizaje a trav\u00e9s de una educaci\u00f3n en movimiento.\" \/>\n<meta property=\"og:url\" content=\"https:\/\/ce-mayabek.edu.mx\/en\/bienvenida-de-la-directora\/\" \/>\n<meta property=\"og:site_name\" content=\"Mayabek\" \/>\n<meta property=\"article:publisher\" content=\"https:\/\/www.facebook.com\/MAYABEK120\/\" \/>\n<meta property=\"article:modified_time\" content=\"2017-11-03T17:43:58+00:00\" \/>\n<meta property=\"og:image\" content=\"https:\/\/ce-mayabek.edu.mx\/wp-content\/uploads\/2017\/10\/Bienvenida.jpg\" \/>\n\t<meta property=\"og:image:width\" content=\"1600\" \/>\n\t<meta property=\"og:image:height\" content=\"1067\" \/>\n\t<meta property=\"og:image:type\" content=\"image\/jpeg\" \/>\n<meta name=\"twitter:card\" content=\"summary_large_image\" \/>\n<meta name=\"twitter:label1\" content=\"Est. reading time\" \/>\n\t<meta name=\"twitter:data1\" content=\"1 minute\" \/>\n<script type=\"application\/ld+json\" class=\"yoast-schema-graph\">{\"@context\":\"https:\/\/schema.org\",\"@graph\":[{\"@type\":\"WebPage\",\"@id\":\"https:\/\/ce-mayabek.edu.mx\/bienvenida-de-la-directora\/\",\"url\":\"https:\/\/ce-mayabek.edu.mx\/bienvenida-de-la-directora\/\",\"name\":\"Bienvenida de la Directora - Mayabek Comunidad Educativa\",\"isPartOf\":{\"@id\":\"https:\/\/ce-mayabek.edu.mx\/#website\"},\"datePublished\":\"2017-08-15T05:09:44+00:00\",\"dateModified\":\"2017-11-03T17:43:58+00:00\",\"description\":\"Estimada familia visitante, Mayabek es una escuela enfocada al desarrollo del ser, y al aprendizaje a trav\u00e9s de una educaci\u00f3n en movimiento.\",\"breadcrumb\":{\"@id\":\"https:\/\/ce-mayabek.edu.mx\/bienvenida-de-la-directora\/#breadcrumb\"},\"inLanguage\":\"en-US\",\"potentialAction\":[{\"@type\":\"ReadAction\",\"target\":[\"https:\/\/ce-mayabek.edu.mx\/bienvenida-de-la-directora\/\"]}]},{\"@type\":\"BreadcrumbList\",\"@id\":\"https:\/\/ce-mayabek.edu.mx\/bienvenida-de-la-directora\/#breadcrumb\",\"itemListElement\":[{\"@type\":\"ListItem\",\"position\":1,\"name\":\"Home\",\"item\":\"https:\/\/ce-mayabek.edu.mx\/\"},{\"@type\":\"ListItem\",\"position\":2,\"name\":\"Bienvenida de la Directora\"}]},{\"@type\":\"WebSite\",\"@id\":\"https:\/\/ce-mayabek.edu.mx\/#website\",\"url\":\"https:\/\/ce-mayabek.edu.mx\/\",\"name\":\"Mayabek\",\"description\":\"Comunidad Educativa\",\"potentialAction\":[{\"@type\":\"SearchAction\",\"target\":{\"@type\":\"EntryPoint\",\"urlTemplate\":\"https:\/\/ce-mayabek.edu.mx\/?s={search_term_string}\"},\"query-input\":\"required name=search_term_string\"}],\"inLanguage\":\"en-US\"}]}<\/script>\n<!-- \/ Yoast SEO plugin. -->","yoast_head_json":{"title":"Bienvenida de la Directora - Mayabek Comunidad Educativa","description":"Estimada familia visitante, Mayabek es una escuela enfocada al desarrollo del ser, y al aprendizaje a trav\u00e9s de una educaci\u00f3n en movimiento.","robots":{"index":"index","follow":"follow","max-snippet":"max-snippet:-1","max-image-preview":"max-image-preview:large","max-video-preview":"max-video-preview:-1"},"canonical":"https:\/\/ce-mayabek.edu.mx\/en\/bienvenida-de-la-directora\/","og_locale":"en_US","og_type":"article","og_title":"Bienvenida de la Directora - Mayabek Comunidad Educativa","og_description":"Estimada familia visitante, Mayabek es una escuela enfocada al desarrollo del ser, y al aprendizaje a trav\u00e9s de una educaci\u00f3n en movimiento.","og_url":"https:\/\/ce-mayabek.edu.mx\/en\/bienvenida-de-la-directora\/","og_site_name":"Mayabek","article_publisher":"https:\/\/www.facebook.com\/MAYABEK120\/","article_modified_time":"2017-11-03T17:43:58+00:00","og_image":[{"width":1600,"height":1067,"url":"https:\/\/ce-mayabek.edu.mx\/wp-content\/uploads\/2017\/10\/Bienvenida.jpg","type":"image\/jpeg"}],"twitter_card":"summary_large_image","twitter_misc":{"Est. reading time":"1 minute"},"schema":{"@context":"https:\/\/schema.org","@graph":[{"@type":"WebPage","@id":"https:\/\/ce-mayabek.edu.mx\/bienvenida-de-la-directora\/","url":"https:\/\/ce-mayabek.edu.mx\/bienvenida-de-la-directora\/","name":"Bienvenida de la Directora - Mayabek Comunidad Educativa","isPartOf":{"@id":"https:\/\/ce-mayabek.edu.mx\/#website"},"datePublished":"2017-08-15T05:09:44+00:00","dateModified":"2017-11-03T17:43:58+00:00","description":"Estimada familia visitante, Mayabek es una escuela enfocada al desarrollo del ser, y al aprendizaje a trav\u00e9s de una educaci\u00f3n en movimiento.","breadcrumb":{"@id":"https:\/\/ce-mayabek.edu.mx\/bienvenida-de-la-directora\/#breadcrumb"},"inLanguage":"en-US","potentialAction":[{"@type":"ReadAction","target":["https:\/\/ce-mayabek.edu.mx\/bienvenida-de-la-directora\/"]}]},{"@type":"BreadcrumbList","@id":"https:\/\/ce-mayabek.edu.mx\/bienvenida-de-la-directora\/#breadcrumb","itemListElement":[{"@type":"ListItem","position":1,"name":"Home","item":"https:\/\/ce-mayabek.edu.mx\/"},{"@type":"ListItem","position":2,"name":"Bienvenida de la Directora"}]},{"@type":"WebSite","@id":"https:\/\/ce-mayabek.edu.mx\/#website","url":"https:\/\/ce-mayabek.edu.mx\/","name":"Mayabek","description":"Comunidad Educativa","potentialAction":[{"@type":"SearchAction","target":{"@type":"EntryPoint","urlTemplate":"https:\/\/ce-mayabek.edu.mx\/?s={search_term_string}"},"query-input":"required name=search_term_string"}],"inLanguage":"en-US"}]}},"_links":{"self":[{"href":"https:\/\/ce-mayabek.edu.mx\/en\/wp-json\/wp\/v2\/pages\/20","targetHints":{"allow":["GET"]}}],"collection":[{"href":"https:\/\/ce-mayabek.edu.mx\/en\/wp-json\/wp\/v2\/pages"}],"about":[{"href":"https:\/\/ce-mayabek.edu.mx\/en\/wp-json\/wp\/v2\/types\/page"}],"author":[{"embeddable":true,"href":"https:\/\/ce-mayabek.edu.mx\/en\/wp-json\/wp\/v2\/users\/1"}],"replies":[{"embeddable":true,"href":"https:\/\/ce-mayabek.edu.mx\/en\/wp-json\/wp\/v2\/comments?post=20"}],"version-history":[{"count":8,"href":"https:\/\/ce-mayabek.edu.mx\/en\/wp-json\/wp\/v2\/pages\/20\/revisions"}],"predecessor-version":[{"id":169,"href":"https:\/\/ce-mayabek.edu.mx\/en\/wp-json\/wp\/v2\/pages\/20\/revisions\/169"}],"wp:featuredmedia":[{"embeddable":true,"href":"https:\/\/ce-mayabek.edu.mx\/en\/wp-json\/wp\/v2\/media\/215"}],"wp:attachment":[{"href":"https:\/\/ce-mayabek.edu.mx\/en\/wp-json\/wp\/v2\/media?parent=20"}],"curies":[{"name":"wp","href":"https:\/\/api.w.org\/{rel}","templated":true}]}}