{"id":180,"date":"2017-08-28T12:28:01","date_gmt":"2017-08-28T12:28:01","guid":{"rendered":"http:\/\/mayabek.local\/?page_id=180"},"modified":"2022-12-13T18:07:09","modified_gmt":"2022-12-13T18:07:09","slug":"politica-de-privacidad","status":"publish","type":"page","link":"https:\/\/ce-mayabek.edu.mx\/en\/politica-de-privacidad\/","title":{"rendered":"AVISO DE PRIVACIDAD"},"content":{"rendered":"<h1><span style=\"color: #3366ff;\">AVISO DE PRIVACIDAD MAYABEK<\/span><\/h1>\n<table width=\"100%\">\n<tbody>\n<tr>\n<td><strong>AVISO DE PRIVACIDAD<\/strong><\/td>\n<\/tr>\n<tr>\n<td><\/td>\n<\/tr>\n<\/tbody>\n<\/table>\n<table width=\"100%\">\n<tbody>\n<tr>\n<td>GRUPO DE EDUCAR MAYAB EK S.C, mejor conocido como COMUNIDAD EDUCATIVA MAYABEK, con domicilio en calle\u00a0CALLE\u00a050 NORTE ENTRE 65 Y 70 N\u00daMERO 05, colonia EL PEDREGAL, ciudad PLAYA DEL CARMEN, municipio o delegaci\u00f3n SOLIDARIDAD,\u00a0c.p.\u00a077712, en la entidad de QUINTANA ROO, pa\u00eds MEXICO, y portal de internet ce-mayabek.edu.mx, es el responsable del uso y protecci\u00f3n de sus datos personales, y al respecto le informamos lo siguiente:<\/td>\n<\/tr>\n<tr>\n<td><\/td>\n<\/tr>\n<tr>\n<td><strong>\u00bfPara qu\u00e9 fines utilizaremos sus datos personales?<\/strong><\/td>\n<\/tr>\n<tr>\n<td><\/td>\n<\/tr>\n<tr>\n<td>Los datos personales que recabamos de usted, los utilizaremos para las siguientes finalidades que son necesarias para el servicio que solicita:<\/td>\n<\/tr>\n<tr>\n<td>\n<ul>\n<li>Registro de calificaciones<\/li>\n<li>Expedici\u00f3n de certificados y reconocimientos<\/li>\n<li>Seguimiento acad\u00e9mico<\/li>\n<li>Informes estad\u00edsticos<\/li>\n<li>Avisos generales<\/li>\n<li>Control escolar<\/li>\n<\/ul>\n<\/td>\n<\/tr>\n<tr>\n<td>\nDe manera adicional, utilizaremos su informaci\u00f3n personal para las siguientes finalidades secundarias que\u00a0<strong>no son necesarias<\/strong>\u00a0para el servicio solicitado, pero que nos permiten y facilitan brindarle una mejor atenci\u00f3n:<\/td>\n<\/tr>\n<tr>\n<td>\n<ul>\n<li>Eventos institucionales<\/li>\n<\/ul>\n<\/td>\n<\/tr>\n<tr>\n<td>En caso de que no desee que sus datos personales se utilicen para estos fines secundarios, ind\u00edquelo a continuaci\u00f3n:<\/p>\n<p>No consiento que mis datos personales se utilicen para los siguientes fines:<\/p>\n[\u00a0\u00a0]\u00a0Eventos institucionales<\/td>\n<\/tr>\n<tr>\n<td><\/td>\n<\/tr>\n<tr>\n<td>\nLa negativa para el uso de sus datos personales para estas finalidades no podr\u00e1 ser un motivo para que le neguemos los servicios y productos que solicita o contrata con nosotros.<\/td>\n<\/tr>\n<tr>\n<td><\/td>\n<\/tr>\n<tr>\n<td><strong>\u00bfQu\u00e9 datos personales utilizaremos para estos fines?<\/strong><\/td>\n<\/tr>\n<tr>\n<td><\/td>\n<\/tr>\n<tr>\n<td>Para llevar a cabo las finalidades descritas en el presente aviso de privacidad, utilizaremos los siguientes datos personales:<\/p>\n<ul>\n<li>Nombre<\/li>\n<li>Registro Federal de\u00a0Contribuyentes(RFC)<\/li>\n<li>Clave \u00fanica de Registro de Poblaci\u00f3n (CURP)<\/li>\n<li>Lugar de nacimiento<\/li>\n<li>Fecha de nacimiento<\/li>\n<li>Nacionalidad<\/li>\n<li>Domicilio<\/li>\n<li>Tel\u00e9fono particular<\/li>\n<li>Tel\u00e9fono celular<\/li>\n<li>Correo electr\u00f3nico<\/li>\n<li>Firma aut\u00f3grafa<\/li>\n<li>Edad<\/li>\n<li>Fotograf\u00eda<\/li>\n<li>Domicilio de trabajo<\/li>\n<li>Tel\u00e9fono institucional<\/li>\n<li>Trayectoria educativa<\/li>\n<li>Certificados<\/li>\n<li>Tiempo de permanencia en el pa\u00eds<\/li>\n<li>Calidad migratoria<\/li>\n<li>Derechos de residencia<\/li>\n<li>Cuentas bancarias<\/li>\n<li>N\u00famero de tarjetas de cr\u00e9dito<\/li>\n<li>Deportes que practica<\/li>\n<li>Datos de identificaci\u00f3n<\/li>\n<li>Datos de contacto<\/li>\n<li>Datos acad\u00e9micos<\/li>\n<li>Datos migratorios<\/li>\n<\/ul>\n<\/td>\n<\/tr>\n<tr>\n<td><strong>\u00bfCon qui\u00e9n compartimos su informaci\u00f3n personal y para qu\u00e9 fines?<\/strong><\/td>\n<\/tr>\n<tr>\n<td><\/td>\n<\/tr>\n<tr>\n<td>Le informamos que sus datos personales son compartidos dentro del pa\u00eds con las siguientes personas, empresas, organizaciones o autoridades distintas a nosotros, para los siguientes fines:<\/td>\n<\/tr>\n<tr>\n<td><\/td>\n<\/tr>\n<tr>\n<td>\n<table width=\"100%\">\n<tbody>\n<tr>\n<td><strong>Destinatario de los datos personales<\/strong><\/td>\n<td><strong>Finalidad<\/strong><\/td>\n<td><strong>Requiere del consentimiento<\/strong><\/td>\n<\/tr>\n<tr>\n<td width=\"150\">Secretar\u00eda de Educaci\u00f3n<\/td>\n<td width=\"200\">Registro, datos estad\u00edsticos e informativos<\/td>\n<td>No<\/td>\n<\/tr>\n<\/tbody>\n<\/table>\n<\/td>\n<\/tr>\n<\/tbody>\n<\/table>\n<table width=\"100%\">\n<tbody>\n<tr>\n<td><strong><br \/>\n\u00bfC\u00f3mo puede acceder, rectificar o cancelar sus datos personales, u oponerse a su uso?<\/strong><\/td>\n<\/tr>\n<tr>\n<td><\/td>\n<\/tr>\n<tr>\n<td>Usted tiene derecho a conocer qu\u00e9 datos personales tenemos de usted, para qu\u00e9 los utilizamos y las condiciones del uso que les damos (Acceso). Asimismo, es su derecho solicitar la correcci\u00f3n de su informaci\u00f3n personal en caso de que est\u00e9 desactualizada, sea inexacta o incompleta (Rectificaci\u00f3n); que la eliminemos de nuestros registros o bases de datos cuando considere que la misma no est\u00e1 siendo utilizada adecuadamente (Cancelaci\u00f3n); as\u00ed como oponerse al uso de sus datos personales para fines espec\u00edficos (Oposici\u00f3n). Estos derechos se conocen como derechos ARCO.<\/td>\n<\/tr>\n<tr>\n<td><\/td>\n<\/tr>\n<tr>\n<td>Para el ejercicio de cualquiera de los derechos ARCO, usted deber\u00e1 presentar la solicitud respectiva a trav\u00e9s del siguiente medio:<\/p>\n<p>n\u00famero telef\u00f3nico 984-1477461 correo electr\u00f3nico: mayabek@gmail.com<\/td>\n<\/tr>\n<\/tbody>\n<\/table>\n<table width=\"100%\">\n<tbody>\n<tr>\n<td><\/td>\n<\/tr>\n<tr>\n<td>Con relaci\u00f3n al procedimiento y requisitos para el ejercicio de sus derechos ARCO, le informamos lo siguiente:<\/td>\n<\/tr>\n<tr>\n<td>a) \u00bfA trav\u00e9s de qu\u00e9 medios pueden acreditar su identidad el titular y, en su caso, su representante, as\u00ed como la personalidad este \u00faltimo?<br \/>\nIdentificaci\u00f3n oficial vigente<\/td>\n<\/tr>\n<tr>\n<td><\/td>\n<\/tr>\n<tr>\n<td>b) \u00bfQu\u00e9 informaci\u00f3n y\/o documentaci\u00f3n deber\u00e1 contener la solicitud?<br \/>\nDatos de identidad del representante y del estudiante<\/td>\n<\/tr>\n<tr>\n<td><\/td>\n<\/tr>\n<tr>\n<td>c) \u00bfEn cu\u00e1ntos d\u00edas le daremos respuesta a su solicitud?<br \/>\n5 d\u00edas h\u00e1biles<\/td>\n<\/tr>\n<tr>\n<td><\/td>\n<\/tr>\n<tr>\n<td>d) \u00bfPor qu\u00e9 medio le comunicaremos la respuesta a su solicitud?<br \/>\nPor correo electr\u00f3nico<\/td>\n<\/tr>\n<tr>\n<td><\/td>\n<\/tr>\n<tr>\n<td>e) \u00bfEn qu\u00e9 medios se pueden reproducir los datos personales que, en su caso, solicite?<br \/>\nDigitales o impresos<\/td>\n<\/tr>\n<tr>\n<td><\/td>\n<\/tr>\n<tr>\n<td>f) Ponemos a sus \u00f3rdenes los siguientes formularios o sistemas para facilitar el ejercicio de derechos ARCO:<br \/>\nEscrito libre<\/td>\n<\/tr>\n<tr>\n<td><\/td>\n<\/tr>\n<tr>\n<td>g) Para mayor informaci\u00f3n sobre el procedimiento, ponemos a disposici\u00f3n los siguientes medios:<br \/>\nn\u00famero telef\u00f3nico 984-1477461 correo electr\u00f3nico: mayabek@gmail.com<\/td>\n<\/tr>\n<tr>\n<td><\/td>\n<\/tr>\n<\/tbody>\n<\/table>\n<table width=\"100%\">\n<tbody>\n<tr>\n<td>\nLos datos de contacto de la persona o departamento de datos personales, que est\u00e1 a cargo de dar tr\u00e1mite a las solicitudes de derechos ARCO, son los siguientes:<\/td>\n<\/tr>\n<tr>\n<td><\/td>\n<\/tr>\n<tr>\n<td>a) Nombre de la persona o departamento de datos personales: Carolina Rodr\u00edguez\u00a0Rodr\u00edguez<br \/>\nb) Domicilio: calle\u00a0Calle\u00a050 Norte entre 65 y 70 lote 5, colonia El Pedregal, ciudad Playa del Carmen, municipio o delegaci\u00f3n Solidaridad,\u00a0c.p.\u00a077712, en la entidad de Quintana Roo, pa\u00eds M\u00e9xico<br \/>\nc) Correo electr\u00f3nico: mayabek@gmail.com<br \/>\nd) N\u00famero telef\u00f3nico: 984-1477461<br \/>\nOtro dato de contacto: Ninguno<\/p>\n<p><strong>Usted puede revocar su consentimiento para el uso de sus datos personales<\/strong><\/p>\n<p>Usted puede revocar el consentimiento que, en su caso, nos haya otorgado para el tratamiento de sus datos personales. Sin embargo, es importante que tenga en cuenta que no en todos los casos podremos atender su solicitud o concluir el uso de forma inmediata, ya que es posible que por alguna obligaci\u00f3n legal requiramos seguir tratando sus datos personales. Asimismo, usted deber\u00e1 considerar\u00a0que\u00a0para ciertos fines, la revocaci\u00f3n de su consentimiento implicar\u00e1 que no le podamos seguir prestando el servicio que nos solicit\u00f3, o la conclusi\u00f3n de su relaci\u00f3n con nosotros.<\/p>\n<p>Para revocar su consentimiento deber\u00e1 presentar su solicitud a trav\u00e9s del siguiente medio:<\/p>\n<p>correo electr\u00f3nico: mayabek@gmail.com<\/td>\n<\/tr>\n<tr>\n<td>\nCon relaci\u00f3n al procedimiento y requisitos para la revocaci\u00f3n de su consentimiento, le informamos lo siguiente:<\/p>\n<p>a) \u00bfA trav\u00e9s de qu\u00e9 medios pueden acreditar su identidad el titular y, en su caso, su representante, as\u00ed como la personalidad este \u00faltimo?<\/p>\n<p>Identificaci\u00f3n oficial vigente<\/p>\n<p>b) \u00bfQu\u00e9 informaci\u00f3n y\/o documentaci\u00f3n deber\u00e1 contener la solicitud?<br \/>\nEscrito libre identificando al solicitando y al estudiante<\/p>\n<p>c) \u00bfEn cu\u00e1ntos d\u00edas le daremos respuesta a su solicitud?<br \/>\n5 d\u00edas h\u00e1biles<\/p>\n<p>d) \u00bfPor qu\u00e9 medio le comunicaremos la respuesta a su solicitud?<br \/>\ncorreo electr\u00f3nico: mayabek@gmail.com<\/p>\n<p>e) Para mayor informaci\u00f3n sobre el procedimiento, ponemos a disposici\u00f3n los siguientes medios:<br \/>\nn\u00famero telef\u00f3nico 984-1477461 correo electr\u00f3nico: mayabek@gmail.com<\/td>\n<\/tr>\n<tr>\n<td><\/td>\n<\/tr>\n<\/tbody>\n<\/table>\n<table width=\"100%\">\n<tbody>\n<tr>\n<td><\/td>\n<\/tr>\n<tr>\n<td><strong>\u00bfC\u00f3mo puede limitar el uso o divulgaci\u00f3n de su informaci\u00f3n personal?<\/strong><\/td>\n<\/tr>\n<tr>\n<td><\/td>\n<\/tr>\n<tr>\n<td>Con objeto de que usted pueda limitar el uso y divulgaci\u00f3n de su informaci\u00f3n personal, le ofrecemos los siguientes medios:<\/p>\n<p>n\u00famero telef\u00f3nico 984-1477461 correo electr\u00f3nico: mayabek@gmail.com<\/td>\n<\/tr>\n<tr>\n<td><\/td>\n<\/tr>\n<\/tbody>\n<\/table>\n<table width=\"100%\">\n<tbody>\n<tr>\n<td width=\"100%\"><strong><br \/>\n\u00bfC\u00f3mo puede conocer los cambios en este aviso de privacidad?<\/strong><\/td>\n<\/tr>\n<tr>\n<td><\/td>\n<\/tr>\n<tr>\n<td>El presente aviso de privacidad puede sufrir modificaciones, cambios o actualizaciones derivadas de nuevos requerimientos legales; de nuestras propias necesidades por los productos o servicios que ofrecemos; de nuestras pr\u00e1cticas de privacidad; de cambios en nuestro modelo de negocio, o por otras causas.<\/p>\n<p>Nos comprometemos a mantenerlo informado sobre los cambios que pueda sufrir el presente aviso de privacidad, a trav\u00e9s de: correo electr\u00f3nico: mayabek@gmail.com o p\u00e1gina institucional.<\/p>\n<p>El procedimiento a trav\u00e9s del cual se llevar\u00e1n a cabo las notificaciones sobre cambios o actualizaciones al presente aviso de privacidad es el siguiente:<\/p>\n<p>correo electr\u00f3nico: mayabek@gmail.com<\/td>\n<\/tr>\n<\/tbody>\n<\/table>\n<table width=\"100%\">\n<tbody>\n<tr>\n<td><\/td>\n<\/tr>\n<\/tbody>\n<\/table>","protected":false},"excerpt":{"rendered":"<p>AVISO DE PRIVACIDAD MAYABEK AVISO DE PRIVACIDAD GRUPO DE EDUCAR MAYAB EK S.C, mejor conocido como COMUNIDAD EDUCATIVA MAYABEK, con domicilio en calle\u00a0CALLE\u00a050 NORTE ENTRE 65 Y 70 N\u00daMERO 05, colonia EL PEDREGAL, ciudad PLAYA DEL CARMEN, municipio o delegaci\u00f3n SOLIDARIDAD,\u00a0c.p.\u00a077712, en la entidad de QUINTANA ROO, pa\u00eds MEXICO, y portal de internet ce-mayabek.edu.mx, es [&hellip;]<\/p>","protected":false},"author":1,"featured_media":0,"parent":0,"menu_order":0,"comment_status":"closed","ping_status":"closed","template":"","meta":{"om_disable_all_campaigns":false,"_monsterinsights_skip_tracking":false,"_monsterinsights_sitenote_active":false,"_monsterinsights_sitenote_note":"","_monsterinsights_sitenote_category":0,"_joinchat":[],"footnotes":""},"class_list":["post-180","page","type-page","status-publish","hentry"],"aioseo_notices":[],"yoast_head":"<!-- This site is optimized with the Yoast SEO plugin v20.2.1 - https:\/\/yoast.com\/wordpress\/plugins\/seo\/ -->\n<title>Pol\u00edtica de Privacidad - Mayabek Comunidad Educativa<\/title>\n<meta name=\"description\" content=\"Con fundamento en los art\u00edculos de la Ley Federal de Protecci\u00f3n de Datos Personales en posesi\u00f3n de particulares, hacemos de su conocimiento que MAYABEK.\" \/>\n<meta name=\"robots\" content=\"index, follow, max-snippet:-1, max-image-preview:large, max-video-preview:-1\" \/>\n<link rel=\"canonical\" href=\"https:\/\/ce-mayabek.edu.mx\/en\/politica-de-privacidad\/\" \/>\n<meta property=\"og:locale\" content=\"en_US\" \/>\n<meta property=\"og:type\" content=\"article\" \/>\n<meta property=\"og:title\" content=\"Pol\u00edtica de Privacidad - Mayabek Comunidad Educativa\" \/>\n<meta property=\"og:description\" content=\"Con fundamento en los art\u00edculos de la Ley Federal de Protecci\u00f3n de Datos Personales en posesi\u00f3n de particulares, hacemos de su conocimiento que MAYABEK.\" \/>\n<meta property=\"og:url\" content=\"https:\/\/ce-mayabek.edu.mx\/en\/politica-de-privacidad\/\" \/>\n<meta property=\"og:site_name\" content=\"Mayabek\" \/>\n<meta property=\"article:publisher\" content=\"https:\/\/www.facebook.com\/MAYABEK120\/\" \/>\n<meta property=\"article:modified_time\" content=\"2022-12-13T18:07:09+00:00\" \/>\n<meta name=\"twitter:card\" content=\"summary_large_image\" \/>\n<meta name=\"twitter:label1\" content=\"Est. reading time\" \/>\n\t<meta name=\"twitter:data1\" content=\"5 minutes\" \/>\n<script type=\"application\/ld+json\" class=\"yoast-schema-graph\">{\"@context\":\"https:\/\/schema.org\",\"@graph\":[{\"@type\":\"WebPage\",\"@id\":\"https:\/\/ce-mayabek.edu.mx\/politica-de-privacidad\/\",\"url\":\"https:\/\/ce-mayabek.edu.mx\/politica-de-privacidad\/\",\"name\":\"Pol\u00edtica de Privacidad - Mayabek Comunidad Educativa\",\"isPartOf\":{\"@id\":\"https:\/\/ce-mayabek.edu.mx\/#website\"},\"datePublished\":\"2017-08-28T12:28:01+00:00\",\"dateModified\":\"2022-12-13T18:07:09+00:00\",\"description\":\"Con fundamento en los art\u00edculos de la Ley Federal de Protecci\u00f3n de Datos Personales en posesi\u00f3n de particulares, hacemos de su conocimiento que MAYABEK.\",\"breadcrumb\":{\"@id\":\"https:\/\/ce-mayabek.edu.mx\/politica-de-privacidad\/#breadcrumb\"},\"inLanguage\":\"en-US\",\"potentialAction\":[{\"@type\":\"ReadAction\",\"target\":[\"https:\/\/ce-mayabek.edu.mx\/politica-de-privacidad\/\"]}]},{\"@type\":\"BreadcrumbList\",\"@id\":\"https:\/\/ce-mayabek.edu.mx\/politica-de-privacidad\/#breadcrumb\",\"itemListElement\":[{\"@type\":\"ListItem\",\"position\":1,\"name\":\"Home\",\"item\":\"https:\/\/ce-mayabek.edu.mx\/\"},{\"@type\":\"ListItem\",\"position\":2,\"name\":\"AVISO DE PRIVACIDAD\"}]},{\"@type\":\"WebSite\",\"@id\":\"https:\/\/ce-mayabek.edu.mx\/#website\",\"url\":\"https:\/\/ce-mayabek.edu.mx\/\",\"name\":\"Mayabek\",\"description\":\"Comunidad Educativa\",\"potentialAction\":[{\"@type\":\"SearchAction\",\"target\":{\"@type\":\"EntryPoint\",\"urlTemplate\":\"https:\/\/ce-mayabek.edu.mx\/?s={search_term_string}\"},\"query-input\":\"required name=search_term_string\"}],\"inLanguage\":\"en-US\"}]}<\/script>\n<!-- \/ Yoast SEO plugin. -->","yoast_head_json":{"title":"Pol\u00edtica de Privacidad - Mayabek Comunidad Educativa","description":"Con fundamento en los art\u00edculos de la Ley Federal de Protecci\u00f3n de Datos Personales en posesi\u00f3n de particulares, hacemos de su conocimiento que MAYABEK.","robots":{"index":"index","follow":"follow","max-snippet":"max-snippet:-1","max-image-preview":"max-image-preview:large","max-video-preview":"max-video-preview:-1"},"canonical":"https:\/\/ce-mayabek.edu.mx\/en\/politica-de-privacidad\/","og_locale":"en_US","og_type":"article","og_title":"Pol\u00edtica de Privacidad - Mayabek Comunidad Educativa","og_description":"Con fundamento en los art\u00edculos de la Ley Federal de Protecci\u00f3n de Datos Personales en posesi\u00f3n de particulares, hacemos de su conocimiento que MAYABEK.","og_url":"https:\/\/ce-mayabek.edu.mx\/en\/politica-de-privacidad\/","og_site_name":"Mayabek","article_publisher":"https:\/\/www.facebook.com\/MAYABEK120\/","article_modified_time":"2022-12-13T18:07:09+00:00","twitter_card":"summary_large_image","twitter_misc":{"Est. reading time":"5 minutes"},"schema":{"@context":"https:\/\/schema.org","@graph":[{"@type":"WebPage","@id":"https:\/\/ce-mayabek.edu.mx\/politica-de-privacidad\/","url":"https:\/\/ce-mayabek.edu.mx\/politica-de-privacidad\/","name":"Pol\u00edtica de Privacidad - Mayabek Comunidad Educativa","isPartOf":{"@id":"https:\/\/ce-mayabek.edu.mx\/#website"},"datePublished":"2017-08-28T12:28:01+00:00","dateModified":"2022-12-13T18:07:09+00:00","description":"Con fundamento en los art\u00edculos de la Ley Federal de Protecci\u00f3n de Datos Personales en posesi\u00f3n de particulares, hacemos de su conocimiento que MAYABEK.","breadcrumb":{"@id":"https:\/\/ce-mayabek.edu.mx\/politica-de-privacidad\/#breadcrumb"},"inLanguage":"en-US","potentialAction":[{"@type":"ReadAction","target":["https:\/\/ce-mayabek.edu.mx\/politica-de-privacidad\/"]}]},{"@type":"BreadcrumbList","@id":"https:\/\/ce-mayabek.edu.mx\/politica-de-privacidad\/#breadcrumb","itemListElement":[{"@type":"ListItem","position":1,"name":"Home","item":"https:\/\/ce-mayabek.edu.mx\/"},{"@type":"ListItem","position":2,"name":"AVISO DE PRIVACIDAD"}]},{"@type":"WebSite","@id":"https:\/\/ce-mayabek.edu.mx\/#website","url":"https:\/\/ce-mayabek.edu.mx\/","name":"Mayabek","description":"Comunidad Educativa","potentialAction":[{"@type":"SearchAction","target":{"@type":"EntryPoint","urlTemplate":"https:\/\/ce-mayabek.edu.mx\/?s={search_term_string}"},"query-input":"required name=search_term_string"}],"inLanguage":"en-US"}]}},"_links":{"self":[{"href":"https:\/\/ce-mayabek.edu.mx\/en\/wp-json\/wp\/v2\/pages\/180","targetHints":{"allow":["GET"]}}],"collection":[{"href":"https:\/\/ce-mayabek.edu.mx\/en\/wp-json\/wp\/v2\/pages"}],"about":[{"href":"https:\/\/ce-mayabek.edu.mx\/en\/wp-json\/wp\/v2\/types\/page"}],"author":[{"embeddable":true,"href":"https:\/\/ce-mayabek.edu.mx\/en\/wp-json\/wp\/v2\/users\/1"}],"replies":[{"embeddable":true,"href":"https:\/\/ce-mayabek.edu.mx\/en\/wp-json\/wp\/v2\/comments?post=180"}],"version-history":[{"count":14,"href":"https:\/\/ce-mayabek.edu.mx\/en\/wp-json\/wp\/v2\/pages\/180\/revisions"}],"predecessor-version":[{"id":289,"href":"https:\/\/ce-mayabek.edu.mx\/en\/wp-json\/wp\/v2\/pages\/180\/revisions\/289"}],"wp:attachment":[{"href":"https:\/\/ce-mayabek.edu.mx\/en\/wp-json\/wp\/v2\/media?parent=180"}],"curies":[{"name":"wp","href":"https:\/\/api.w.org\/{rel}","templated":true}]}}